{"id":87,"date":"2025-05-12T14:45:08","date_gmt":"2025-05-12T14:45:08","guid":{"rendered":"https:\/\/80--main--lacontemporaine--wsa.coder.advency.cloud\/?page_id=87"},"modified":"2025-10-23T11:39:52","modified_gmt":"2025-10-23T09:39:52","slug":"catalogues","status":"publish","type":"page","link":"https:\/\/www.lacontemporaine.fr\/fr\/catalogues\/","title":{"rendered":"Catalogues"},"content":{"rendered":"\n<div class=\"wp-block-group is-nowrap is-layout-flex wp-container-core-group-is-layout-ad2f72ca wp-block-group-is-layout-flex\">\n<div class=\"wp-block-columns is-layout-flex wp-container-core-columns-is-layout-9d6595d7 wp-block-columns-is-layout-flex\">\n<div class=\"wp-block-column is-layout-flow wp-block-column-is-layout-flow\">\n<div class=\"wp-block-group section_vignettes\"><div class=\"wp-block-group__inner-container is-layout-constrained wp-block-group-is-layout-constrained\">\n<div class=\"wp-block-columns is-layout-flex wp-container-core-columns-is-layout-9d6595d7 wp-block-columns-is-layout-flex\">\n<div class=\"wp-block-column section_vignettes__inner_column is-layout-flow wp-block-column-is-layout-flow\">\n<h3 class=\"wp-block-heading\">Livres et revues<\/h3>\n\n\n\n<p>Acc\u00e8s \u00e0 l\u2019ensemble des collections de livres, p\u00e9riodiques et DVD de la Contemporaine<\/p>\n\n\n\n<div class=\"wp-block-columns is-layout-flex wp-container-core-columns-is-layout-9d6595d7 wp-block-columns-is-layout-flex\">\n<div class=\"wp-block-column is-vertically-aligned-stretch is-layout-flow wp-block-column-is-layout-flow\" style=\"flex-basis:100%\">\n<p class=\"has-text-align-center btn_vignette\"><a href=\"https:\/\/primo.parisnanterre.fr\/primo-explore\/search?vid=BDIC\" target=\"_blank\" rel=\"noopener\">Acc\u00e9der au catalogue<\/a><\/p>\n<\/div>\n<\/div>\n<\/div>\n\n\n\n<div class=\"wp-block-column section_vignettes__inner_column is-layout-flow wp-block-column-is-layout-flow\">\n<h3 class=\"wp-block-heading\">Archives \u00e9crites, audiovisuelles, documents iconographiques<\/h3>\n\n\n\n<h4 class=\"wp-block-heading\">Calames<\/h4>\n\n\n\n<p>Catalogue en ligne des archives, manuscrits, sources audiovisuelles, documents iconographiques, \u0153uvres d\u2019art et objets de collection.<\/p>\n\n\n\n<p class=\"has-text-align-center btn_vignette\"><a href=\"https:\/\/calames.abes.fr\/pub\/lacontemporaine.aspx\" target=\"_blank\" rel=\"noopener\">Acc\u00e9der au catalogue<\/a><\/p>\n<\/div>\n<\/div>\n<\/div><\/div>\n\n\n\n<div class=\"wp-block-group section_vignettes\"><div class=\"wp-block-group__inner-container is-layout-constrained wp-block-group-is-layout-constrained\">\n<div class=\"wp-block-columns is-layout-flex wp-container-core-columns-is-layout-9d6595d7 wp-block-columns-is-layout-flex\">\n<div class=\"wp-block-column section_vignettes__inner_column is-layout-flow wp-block-column-is-layout-flow\">\n<h3 class=\"wp-block-heading\">L&rsquo;Argonnaute, biblioth\u00e8que num\u00e9rique<\/h3>\n\n\n\n<p>Plus de 200 000 documents num\u00e9ris\u00e9s : imprim\u00e9s et pi\u00e8ces d\u2019archives, dessins, peintures, photographies, affiches et objets&#8230;<\/p>\n\n\n\n<p class=\"has-text-align-center btn_vignette\"><a href=\"https:\/\/argonnaute.parisnanterre.fr\/\" data-type=\"link\" data-id=\"https:\/\/argonnaute.parisnanterre.fr\/\" target=\"_blank\" rel=\"noopener\">Acc\u00e9der \u00e0 la biblioth\u00e8que<\/a><\/p>\n\n\n\n<div class=\"wp-block-columns is-layout-flex wp-container-core-columns-is-layout-9d6595d7 wp-block-columns-is-layout-flex\">\n<div class=\"wp-block-column is-vertically-aligned-stretch is-layout-flow wp-block-column-is-layout-flow\" style=\"flex-basis:100%\"><\/div>\n<\/div>\n<\/div>\n\n\n\n<div class=\"wp-block-column section_vignettes__inner_column is-layout-flow wp-block-column-is-layout-flow\">\n<h3 class=\"wp-block-heading\">Ressources \u00e9lectroniques<\/h3>\n\n\n\n<p>Acc\u00e8s aux bouquets de revues acad\u00e9miques et de presse en ligne et aux corpus d\u2019archives \u00e9lectroniques acquis par la Contemporaine<\/p>\n\n\n\n<p class=\"has-text-align-center btn_vignette\"><a href=\"\/ressources-electroniques\/\">Acc\u00e9der aux ressources<\/a><\/p>\n<\/div>\n<\/div>\n<\/div><\/div>\n<\/div>\n<\/div>\n\n\n\n<p><\/p>\n<\/div>\n\n\n\n<div class=\"wp-block-buttons is-layout-flex wp-block-buttons-is-layout-flex\">\n<div class=\"wp-block-button\"><a class=\"wp-block-button__link wp-element-button\" href=\"\/consultation-des-collections\/\">Comment consulter les collections<\/a><\/div>\n<\/div>\n","protected":false},"excerpt":{"rendered":"<p>Livres et revues Acc\u00e8s \u00e0 l\u2019ensemble des collections de livres, p\u00e9riodiques et DVD de la Contemporaine Acc\u00e9der au catalogue Archives \u00e9crites, audiovisuelles, documents iconographiques Calames Catalogue en ligne des archives, manuscrits, sources audiovisuelles, documents iconographiques, \u0153uvres d\u2019art et objets de collection. Acc\u00e9der au catalogue L&rsquo;Argonnaute, biblioth\u00e8que num\u00e9rique Plus de 200 000 documents num\u00e9ris\u00e9s : imprim\u00e9s [&hellip;]<\/p>\n","protected":false},"author":1,"featured_media":0,"parent":0,"menu_order":0,"comment_status":"closed","ping_status":"closed","template":"","meta":{"_acf_changed":false,"footnotes":""},"class_list":["post-87","page","type-page","status-publish","hentry"],"acf":[],"_links":{"self":[{"href":"https:\/\/www.lacontemporaine.fr\/fr\/wp-json\/wp\/v2\/pages\/87","targetHints":{"allow":["GET"]}}],"collection":[{"href":"https:\/\/www.lacontemporaine.fr\/fr\/wp-json\/wp\/v2\/pages"}],"about":[{"href":"https:\/\/www.lacontemporaine.fr\/fr\/wp-json\/wp\/v2\/types\/page"}],"author":[{"embeddable":true,"href":"https:\/\/www.lacontemporaine.fr\/fr\/wp-json\/wp\/v2\/users\/1"}],"replies":[{"embeddable":true,"href":"https:\/\/www.lacontemporaine.fr\/fr\/wp-json\/wp\/v2\/comments?post=87"}],"version-history":[{"count":4,"href":"https:\/\/www.lacontemporaine.fr\/fr\/wp-json\/wp\/v2\/pages\/87\/revisions"}],"predecessor-version":[{"id":2082,"href":"https:\/\/www.lacontemporaine.fr\/fr\/wp-json\/wp\/v2\/pages\/87\/revisions\/2082"}],"wp:attachment":[{"href":"https:\/\/www.lacontemporaine.fr\/fr\/wp-json\/wp\/v2\/media?parent=87"}],"curies":[{"name":"wp","href":"https:\/\/api.w.org\/{rel}","templated":true}]}}