{"id":764,"date":"2025-07-18T12:29:08","date_gmt":"2025-07-18T10:29:08","guid":{"rendered":"https:\/\/www.lacontemporaine.fr\/?post_type=page-de-base&#038;p=764"},"modified":"2026-02-16T17:17:21","modified_gmt":"2026-02-16T16:17:21","slug":"reproduction-numerique-de-documents","status":"publish","type":"page","link":"https:\/\/www.lacontemporaine.fr\/fr\/reproduction-numerique-de-documents\/","title":{"rendered":"Reproduction num\u00e9rique de documents"},"content":{"rendered":"\n<h2 class=\"wp-block-heading\"><strong>Reproduction par le lecteur<\/strong><\/h2>\n\n\n\n<p>Sous r\u00e9serve de l\u2019autorisation d\u00e9livr\u00e9e par le biblioth\u00e9caire et en fonction des droits associ\u00e9s aux documents, le&nbsp;lecteur peut reproduire lui-m\u00eame les documents qu&rsquo;il&nbsp;consulte avec un appareil num\u00e9rique, sans flash. Cette autorisation est soumise \u00e0 la signature par le&nbsp;lecteur d\u2019un formulaire pr\u00e9cisant les documents reproduits&nbsp;et valant pour acceptation du <a href=\"https:\/\/www.lacontemporaine.fr\/wp-content\/uploads\/2025\/10\/Reglement-reproduction.pdf\" data-type=\"attachment\" data-id=\"2127\">r\u00e8glement de la reproduction<\/a>. Elle est limit\u00e9e \u00e0 un usage priv\u00e9 de ces reproductions.<strong>&nbsp;<\/strong><br>Pour tous les autres usages, le lecteur est invit\u00e9 \u00e0 remplir le formulaire en ligne ci-dessous.<\/p>\n\n\n\n<h2 class=\"wp-block-heading has-black-color has-text-color has-link-color wp-elements-1501efaa6a314d195b7a713f228002cb\"><strong>Demande payante de reproduction num\u00e9rique<\/strong><\/h2>\n\n\n\n<p>La Contemporaine peut, \u00e0 la demande de ses usagers, proc\u00e9der \u00e0 la reproduction num\u00e9rique des documents qu\u2019elle conserve. Ce service est payant.<\/p>\n\n\n\n<p>Les demandes de reproduction doivent passer exclusivement par le formulaire ci-dessous. Celui-ci permet de d\u00e9clarer \u00e0 la Contemporaine tout nouvel usage d\u2019une copie num\u00e9rique d\u2019un document conserv\u00e9 par la biblioth\u00e8que, notamment dans le cadre d\u2019une utilisation commerciale.<\/p>\n\n\n\n<p>En fonction de l\u2019\u00e9tat de conservation, de la r\u00e9glementation sur le droit d&rsquo;auteur et des droits associ\u00e9s aux documents, la Contemporaine rend un avis favorable ou d\u00e9favorable \u00e0 cette demande et \u00e9tablit un devis que l\u2019usager devra retourner sign\u00e9. La signature du devis vaut acceptation par l\u2019usager des conditions d\u2019utilisation du fichier num\u00e9rique fourni, conditions expos\u00e9es dans le <a href=\"https:\/\/www.lacontemporaine.fr\/wp-content\/uploads\/2025\/10\/Reglement-reproduction.pdf\" data-type=\"attachment\" data-id=\"2127\">r\u00e8glement de reproduction<\/a> de la Contemporaine.<\/p>\n\n\n\n<p>La facturation, envoy\u00e9e \u00e0 l\u2019usager, prend en compte, selon la tarification en vigueur \u00e0 la Contemporaine, les frais de reproduction du document original et de fourniture de la copie num\u00e9rique.<\/p>\n\n\n<style>.kt-accordion-id764_27da57-4c .kt-accordion-inner-wrap{column-gap:var(--global-kb-gap-md, 2rem);row-gap:10px;}.kt-accordion-id764_27da57-4c .kt-accordion-panel-inner{border-top:0px solid transparent;border-right:1px solid transparent;border-bottom:1px solid transparent;border-left:1px solid transparent;background:#ffffff;padding-top:var(--global-kb-spacing-sm, 1.5rem);padding-right:var(--global-kb-spacing-sm, 1.5rem);padding-bottom:var(--global-kb-spacing-sm, 1.5rem);padding-left:var(--global-kb-spacing-sm, 1.5rem);}.kt-accordion-id764_27da57-4c > .kt-accordion-inner-wrap > .wp-block-kadence-pane > .kt-accordion-header-wrap > .kt-blocks-accordion-header{border-top:1px solid #eeeeee;border-right:1px solid #eeeeee;border-bottom:1px solid #eeeeee;border-left:2px solid #eeeeee;border-top-left-radius:0px;border-top-right-radius:0px;border-bottom-right-radius:0px;border-bottom-left-radius:0px;background:#ffffff;color:#444444;padding-top:14px;padding-right:16px;padding-bottom:14px;padding-left:16px;}.kt-accordion-id764_27da57-4c:not( .kt-accodion-icon-style-basiccircle ):not( .kt-accodion-icon-style-xclosecircle ):not( .kt-accodion-icon-style-arrowcircle )  > .kt-accordion-inner-wrap > .wp-block-kadence-pane > .kt-accordion-header-wrap .kt-blocks-accordion-icon-trigger:after, .kt-accordion-id764_27da57-4c:not( .kt-accodion-icon-style-basiccircle ):not( .kt-accodion-icon-style-xclosecircle ):not( .kt-accodion-icon-style-arrowcircle )  > .kt-accordion-inner-wrap > .wp-block-kadence-pane > .kt-accordion-header-wrap .kt-blocks-accordion-icon-trigger:before{background:#444444;}.kt-accordion-id764_27da57-4c:not( .kt-accodion-icon-style-basic ):not( .kt-accodion-icon-style-xclose ):not( .kt-accodion-icon-style-arrow ) .kt-blocks-accordion-icon-trigger{background:#444444;}.kt-accordion-id764_27da57-4c:not( .kt-accodion-icon-style-basic ):not( .kt-accodion-icon-style-xclose ):not( .kt-accodion-icon-style-arrow ) .kt-blocks-accordion-icon-trigger:after, .kt-accordion-id764_27da57-4c:not( .kt-accodion-icon-style-basic ):not( .kt-accodion-icon-style-xclose ):not( .kt-accodion-icon-style-arrow ) .kt-blocks-accordion-icon-trigger:before{background:#ffffff;}.kt-accordion-id764_27da57-4c > .kt-accordion-inner-wrap > .wp-block-kadence-pane > .kt-accordion-header-wrap > .kt-blocks-accordion-header:hover, \n\t\t\t\tbody:not(.hide-focus-outline) .kt-accordion-id764_27da57-4c .kt-blocks-accordion-header:focus-visible{color:#444444;background:#ffffff;border-top-color:#d4d4d4;border-top-style:solid;border-right-color:#d4d4d4;border-right-style:solid;border-bottom-color:#d4d4d4;border-bottom-style:solid;border-left-color:#d4d4d4;border-left-style:solid;}.kt-accordion-id764_27da57-4c:not( .kt-accodion-icon-style-basiccircle ):not( .kt-accodion-icon-style-xclosecircle ):not( .kt-accodion-icon-style-arrowcircle ) .kt-accordion-header-wrap .kt-blocks-accordion-header:hover .kt-blocks-accordion-icon-trigger:after, .kt-accordion-id764_27da57-4c:not( .kt-accodion-icon-style-basiccircle ):not( .kt-accodion-icon-style-xclosecircle ):not( .kt-accodion-icon-style-arrowcircle ) .kt-accordion-header-wrap .kt-blocks-accordion-header:hover .kt-blocks-accordion-icon-trigger:before, body:not(.hide-focus-outline) .kt-accordion-id764_27da57-4c:not( .kt-accodion-icon-style-basiccircle ):not( .kt-accodion-icon-style-xclosecircle ):not( .kt-accodion-icon-style-arrowcircle ) .kt-blocks-accordion--visible .kt-blocks-accordion-icon-trigger:after, body:not(.hide-focus-outline) .kt-accordion-id764_27da57-4c:not( .kt-accodion-icon-style-basiccircle ):not( .kt-accodion-icon-style-xclosecircle ):not( .kt-accodion-icon-style-arrowcircle ) .kt-blocks-accordion-header:focus-visible .kt-blocks-accordion-icon-trigger:before{background:#444444;}.kt-accordion-id764_27da57-4c:not( .kt-accodion-icon-style-basic ):not( .kt-accodion-icon-style-xclose ):not( .kt-accodion-icon-style-arrow ) .kt-accordion-header-wrap .kt-blocks-accordion-header:hover .kt-blocks-accordion-icon-trigger, body:not(.hide-focus-outline) .kt-accordion-id764_27da57-4c:not( .kt-accodion-icon-style-basic ):not( .kt-accodion-icon-style-xclose ):not( .kt-accodion-icon-style-arrow ) .kt-accordion-header-wrap .kt-blocks-accordion-header:focus-visible .kt-blocks-accordion-icon-trigger{background:#444444;}.kt-accordion-id764_27da57-4c:not( .kt-accodion-icon-style-basic ):not( .kt-accodion-icon-style-xclose ):not( .kt-accodion-icon-style-arrow ) .kt-accordion-header-wrap .kt-blocks-accordion-header:hover .kt-blocks-accordion-icon-trigger:after, .kt-accordion-id764_27da57-4c:not( .kt-accodion-icon-style-basic ):not( .kt-accodion-icon-style-xclose ):not( .kt-accodion-icon-style-arrow ) .kt-accordion-header-wrap .kt-blocks-accordion-header:hover .kt-blocks-accordion-icon-trigger:before, body:not(.hide-focus-outline) .kt-accordion-id764_27da57-4c:not( .kt-accodion-icon-style-basic ):not( .kt-accodion-icon-style-xclose ):not( .kt-accodion-icon-style-arrow ) .kt-accordion-header-wrap .kt-blocks-accordion-header:focus-visible .kt-blocks-accordion-icon-trigger:after, body:not(.hide-focus-outline) .kt-accordion-id764_27da57-4c:not( .kt-accodion-icon-style-basic ):not( .kt-accodion-icon-style-xclose ):not( .kt-accodion-icon-style-arrow ) .kt-accordion-header-wrap .kt-blocks-accordion-header:focus-visible .kt-blocks-accordion-icon-trigger:before{background:#ffffff;}.kt-accordion-id764_27da57-4c .kt-accordion-header-wrap .kt-blocks-accordion-header:focus-visible,\n\t\t\t\t.kt-accordion-id764_27da57-4c > .kt-accordion-inner-wrap > .wp-block-kadence-pane > .kt-accordion-header-wrap > .kt-blocks-accordion-header.kt-accordion-panel-active{color:#444444;background:#ffffff;border-top-color:#eeeeee;border-top-style:solid;border-right-color:#eeeeee;border-right-style:solid;border-bottom-color:#eeeeee;border-bottom-style:solid;border-left-color:#0e9cd1;border-left-style:solid;}.kt-accordion-id764_27da57-4c:not( .kt-accodion-icon-style-basiccircle ):not( .kt-accodion-icon-style-xclosecircle ):not( .kt-accodion-icon-style-arrowcircle )  > .kt-accordion-inner-wrap > .wp-block-kadence-pane > .kt-accordion-header-wrap > .kt-blocks-accordion-header.kt-accordion-panel-active .kt-blocks-accordion-icon-trigger:after, .kt-accordion-id764_27da57-4c:not( .kt-accodion-icon-style-basiccircle ):not( .kt-accodion-icon-style-xclosecircle ):not( .kt-accodion-icon-style-arrowcircle )  > .kt-accordion-inner-wrap > .wp-block-kadence-pane > .kt-accordion-header-wrap > .kt-blocks-accordion-header.kt-accordion-panel-active .kt-blocks-accordion-icon-trigger:before{background:#444444;}.kt-accordion-id764_27da57-4c:not( .kt-accodion-icon-style-basic ):not( .kt-accodion-icon-style-xclose ):not( .kt-accodion-icon-style-arrow ) .kt-blocks-accordion-header.kt-accordion-panel-active .kt-blocks-accordion-icon-trigger{background:#444444;}.kt-accordion-id764_27da57-4c:not( .kt-accodion-icon-style-basic ):not( .kt-accodion-icon-style-xclose ):not( .kt-accodion-icon-style-arrow ) .kt-blocks-accordion-header.kt-accordion-panel-active .kt-blocks-accordion-icon-trigger:after, .kt-accordion-id764_27da57-4c:not( .kt-accodion-icon-style-basic ):not( .kt-accodion-icon-style-xclose ):not( .kt-accodion-icon-style-arrow ) .kt-blocks-accordion-header.kt-accordion-panel-active .kt-blocks-accordion-icon-trigger:before{background:#ffffff;}@media all and (max-width: 1024px){.kt-accordion-id764_27da57-4c .kt-accordion-panel-inner{border-top:0px solid transparent;border-right:1px solid transparent;border-bottom:1px solid transparent;border-left:1px solid transparent;}}@media all and (max-width: 1024px){.kt-accordion-id764_27da57-4c > .kt-accordion-inner-wrap > .wp-block-kadence-pane > .kt-accordion-header-wrap > .kt-blocks-accordion-header{border-top:1px solid #eeeeee;border-right:1px solid #eeeeee;border-bottom:1px solid #eeeeee;border-left:2px solid #eeeeee;}}@media all and (max-width: 1024px){.kt-accordion-id764_27da57-4c > .kt-accordion-inner-wrap > .wp-block-kadence-pane > .kt-accordion-header-wrap > .kt-blocks-accordion-header:hover, \n\t\t\t\tbody:not(.hide-focus-outline) .kt-accordion-id764_27da57-4c .kt-blocks-accordion-header:focus-visible{border-top-color:#d4d4d4;border-top-style:solid;border-right-color:#d4d4d4;border-right-style:solid;border-bottom-color:#d4d4d4;border-bottom-style:solid;border-left-color:#d4d4d4;border-left-style:solid;}}@media all and (max-width: 1024px){.kt-accordion-id764_27da57-4c .kt-accordion-header-wrap .kt-blocks-accordion-header:focus-visible,\n\t\t\t\t.kt-accordion-id764_27da57-4c > .kt-accordion-inner-wrap > .wp-block-kadence-pane > .kt-accordion-header-wrap > .kt-blocks-accordion-header.kt-accordion-panel-active{border-top-color:#eeeeee;border-top-style:solid;border-right-color:#eeeeee;border-right-style:solid;border-bottom-color:#eeeeee;border-bottom-style:solid;border-left-color:#0e9cd1;border-left-style:solid;}}@media all and (max-width: 767px){.kt-accordion-id764_27da57-4c .kt-accordion-inner-wrap{display:block;}.kt-accordion-id764_27da57-4c .kt-accordion-inner-wrap .kt-accordion-pane:not(:first-child){margin-top:10px;}.kt-accordion-id764_27da57-4c .kt-accordion-panel-inner{border-top:0px solid transparent;border-right:1px solid transparent;border-bottom:1px solid transparent;border-left:1px solid transparent;}.kt-accordion-id764_27da57-4c > .kt-accordion-inner-wrap > .wp-block-kadence-pane > .kt-accordion-header-wrap > .kt-blocks-accordion-header{border-top:1px solid #eeeeee;border-right:1px solid #eeeeee;border-bottom:1px solid #eeeeee;border-left:2px solid #eeeeee;}.kt-accordion-id764_27da57-4c > .kt-accordion-inner-wrap > .wp-block-kadence-pane > .kt-accordion-header-wrap > .kt-blocks-accordion-header:hover, \n\t\t\t\tbody:not(.hide-focus-outline) .kt-accordion-id764_27da57-4c .kt-blocks-accordion-header:focus-visible{border-top-color:#d4d4d4;border-top-style:solid;border-right-color:#d4d4d4;border-right-style:solid;border-bottom-color:#d4d4d4;border-bottom-style:solid;border-left-color:#d4d4d4;border-left-style:solid;}.kt-accordion-id764_27da57-4c .kt-accordion-header-wrap .kt-blocks-accordion-header:focus-visible,\n\t\t\t\t.kt-accordion-id764_27da57-4c > .kt-accordion-inner-wrap > .wp-block-kadence-pane > .kt-accordion-header-wrap > .kt-blocks-accordion-header.kt-accordion-panel-active{border-top-color:#eeeeee;border-top-style:solid;border-right-color:#eeeeee;border-right-style:solid;border-bottom-color:#eeeeee;border-bottom-style:solid;border-left-color:#0e9cd1;border-left-style:solid;}}<\/style>\n<div class=\"wp-block-kadence-accordion alignnone\"><div class=\"kt-accordion-wrap kt-accordion-id764_27da57-4c kt-accordion-has-2-panes kt-active-pane-0 kt-accordion-block kt-pane-header-alignment-left kt-accodion-icon-style-arrow kt-accodion-icon-side-right\" style=\"max-width:none\"><div class=\"kt-accordion-inner-wrap\" data-allow-multiple-open=\"false\" data-start-open=\"0\">\n<div class=\"wp-block-kadence-pane kt-accordion-pane kt-accordion-pane-1 kt-pane764_04c0ab-71\"><div class=\"kt-accordion-header-wrap\"><button class=\"kt-blocks-accordion-header kt-acccordion-button-label-show\" type=\"button\"><span class=\"kt-blocks-accordion-title-wrap\"><span class=\"kt-blocks-accordion-title\">Demander une reproduction<\/span><\/span><span class=\"kt-blocks-accordion-icon-trigger\"><\/span><\/button><\/div><div class=\"kt-accordion-panel kt-accordion-panel-hidden\"><div class=\"kt-accordion-panel-inner\">\n<p>La Contemporaine vous propose un service de reproduction de documents, dans le respect du r\u00e8glement consultable sur son site web. En soumettant une demande de reproduction de documents, le demandeur certifie avoir pris connaissance de ce r\u00e8glement. Suite \u00e0 la r\u00e9ception du formulaire, un devis vous sera envoy\u00e9 sous 7 jours. La Contemporaine r\u00e9alise les clich\u00e9s sous 3 semaines apr\u00e8s acceptation du devis par le lecteur. Une majoration est appliqu\u00e9e en cas de demande urgente. Merci de renseigner tous les champs le plus pr\u00e9cis\u00e9ment possible, afin de nous permettre de traiter votre demande dans les meilleurs d\u00e9lais.<\/p>\n\n\n\n<script src=\"https:\/\/lacontemporaine.libanswers.com\/1.0\/widgets\/8835\"><\/script><div id=\"s-la-widget-8835\"><\/div>\n\n\n\n<p>Si le formulaire ne s&rsquo;affiche pas, vous pouvez : <\/p>\n\n\n\n<ul class=\"wp-block-list\">\n<li> Accepter les cookies li\u00e9s au service \u00ab\u00a0Support\u00a0\u00bb en cliquant sur l&rsquo;ic\u00f4ne en forme de citron en bas \u00e0 droite de votre \u00e9cran ;<\/li>\n\n\n\n<li><a href=\"https:\/\/lacontemporaine.libanswers.com\/widget_standalone.php?la_widget_id=8835\" data-type=\"link\" data-id=\"https:\/\/lacontemporaine.libanswers.com\/widget_standalone.php?la_widget_id=8835\" target=\"_blank\" rel=\"noopener\">Vous rendre directement sur le formulaire<\/a>.<\/li>\n<\/ul>\n<\/div><\/div><\/div>\n<\/div><\/div><\/div>\n\n\n\n<p><\/p>\n","protected":false},"excerpt":{"rendered":"<p>Reproduction par le lecteur Sous r\u00e9serve de l\u2019autorisation d\u00e9livr\u00e9e par le biblioth\u00e9caire et en fonction des droits associ\u00e9s aux documents, le&nbsp;lecteur peut reproduire lui-m\u00eame les documents qu&rsquo;il&nbsp;consulte avec un appareil num\u00e9rique, sans flash. Cette autorisation est soumise \u00e0 la signature par le&nbsp;lecteur d\u2019un formulaire pr\u00e9cisant les documents reproduits&nbsp;et valant pour acceptation du r\u00e8glement de la [&hellip;]<\/p>\n","protected":false},"author":4,"featured_media":0,"parent":0,"menu_order":0,"comment_status":"closed","ping_status":"closed","template":"","meta":{"_acf_changed":false,"footnotes":""},"class_list":["post-764","page","type-page","status-publish","hentry"],"acf":[],"_links":{"self":[{"href":"https:\/\/www.lacontemporaine.fr\/fr\/wp-json\/wp\/v2\/pages\/764","targetHints":{"allow":["GET"]}}],"collection":[{"href":"https:\/\/www.lacontemporaine.fr\/fr\/wp-json\/wp\/v2\/pages"}],"about":[{"href":"https:\/\/www.lacontemporaine.fr\/fr\/wp-json\/wp\/v2\/types\/page"}],"author":[{"embeddable":true,"href":"https:\/\/www.lacontemporaine.fr\/fr\/wp-json\/wp\/v2\/users\/4"}],"replies":[{"embeddable":true,"href":"https:\/\/www.lacontemporaine.fr\/fr\/wp-json\/wp\/v2\/comments?post=764"}],"version-history":[{"count":4,"href":"https:\/\/www.lacontemporaine.fr\/fr\/wp-json\/wp\/v2\/pages\/764\/revisions"}],"predecessor-version":[{"id":2823,"href":"https:\/\/www.lacontemporaine.fr\/fr\/wp-json\/wp\/v2\/pages\/764\/revisions\/2823"}],"wp:attachment":[{"href":"https:\/\/www.lacontemporaine.fr\/fr\/wp-json\/wp\/v2\/media?parent=764"}],"curies":[{"name":"wp","href":"https:\/\/api.w.org\/{rel}","templated":true}]}}