{"id":756,"date":"2025-07-18T12:19:31","date_gmt":"2025-07-18T10:19:31","guid":{"rendered":"https:\/\/www.lacontemporaine.fr\/?post_type=page-de-base&#038;p=756"},"modified":"2026-02-16T17:16:24","modified_gmt":"2026-02-16T16:16:24","slug":"enseignement-secondaire","status":"publish","type":"page","link":"https:\/\/www.lacontemporaine.fr\/fr\/enseignement-secondaire\/","title":{"rendered":"Enseignement secondaire"},"content":{"rendered":"\n<p>La Contemporaine accueille des classes de la 3e \u00e0 la terminale pour des visites guid\u00e9es de ses expositions et des ateliers p\u00e9dagogiques. Elle met \u00e9galement \u00e0 disposition des ressources p\u00e9dagogiques pour pr\u00e9parer, accompagner et prolonger la visite de classe.<\/p>\n\n\n\n<h2 class=\"wp-block-heading\">Ateliers p\u00e9dagogiques<\/h2>\n\n\n\n<p>La Contemporaine propose des ateliers p\u00e9dagogiques et des parcours inter-mus\u00e9es en lien avec les programmes d\u2019enseignement. Au cours de ces ateliers, les \u00e9l\u00e8ves explorent et approfondissent des th\u00e8mes inscrits au programme \u00e0 travers la d\u00e9couverte, la manipulation et l\u2019analyse de documents issus de ses collections. Les parcours inter-mus\u00e9es, associant visite sur des sites d\u2019histoire et de m\u00e9moire et atelier p\u00e9dagogique, offrent aux \u00e9l\u00e8ves la possibilit\u00e9 de d\u00e9couvrir des lieux d\u2019histoire et de conservation du patrimoine.<\/p>\n\n\n\n<p>Le d\u00e9tail des ateliers p\u00e9dagogiques est disponible dans la <a href=\"\/wp-content\/uploads\/2025\/10\/brochure_offre_pedagogique.pdf\">brochure p\u00e9dagogique<\/a>.<\/p>\n\n\n\n<div class=\"wp-block-columns is-layout-flex wp-container-core-columns-is-layout-9d6595d7 wp-block-columns-is-layout-flex\">\n<div class=\"wp-block-column is-layout-flow wp-block-column-is-layout-flow\" style=\"flex-basis:100%\">\n<p><strong>Informations pratiques :<\/strong> Les ateliers, d\u2019une dur\u00e9e de deux heures, sont gratuits et incluent une visite des espaces d\u2019exposition en fonction des th\u00e9matiques abord\u00e9es. Ils se d\u00e9roulent \u00e0 la Contemporaine du lundi au vendredi entre 10h et 17h des mois de janvier \u00e0 juin et s\u2019adressent \u00e0 des groupes de trente \u00e9l\u00e8ves maximum.<\/p>\n<\/div>\n<\/div>\n\n\n\n<h2 class=\"wp-block-heading\">Visites des expositions<\/h2>\n\n\n\n<p>La Contemporaine propose des visites guid\u00e9es, adapt\u00e9es au niveau des \u00e9l\u00e8ves et aux programmes scolaires, de son parcours d\u2019exposition permanent L\u2019Atelier de l\u2019histoire et de ses expositions temporaires. Elles peuvent \u00eatre associ\u00e9es \u00e0 un atelier p\u00e9dagogique issu de l\u2019offre existante.<\/p>\n\n\n\n<h3 class=\"wp-block-heading\">Visite guid\u00e9e du parcours d\u2019exposition permanent<\/h3>\n\n\n\n<p>\u00c0 travers une d\u00e9ambulation dans les collections de la Contemporaine (peintures de la Grande Guerre, vaisselle patriotique, presse d\u2019information et militante, carnets d\u2019engag\u00e9s de la guerre d\u2019Alg\u00e9rie, tracts et affiches de mai 68, archives collect\u00e9es \u00e0 chaud pendant la R\u00e9volution russe, travaux de photojournalistes, entretiens film\u00e9s d\u2019acteurs et de t\u00e9moins de l\u2019histoire, fonds d\u2019archives militants ou associatifs\u2026), l\u2019Atelier de l\u2019histoire interroge notre relation \u00e0 l\u2019histoire contemporaine et \u00e0 ses sources.<br>Le parcours ponctu\u00e9 par les deux guerres mondiales explore des notions telles que documenter, t\u00e9moigner, collecter, piller et fixer l\u2019instant au regard d\u2019\u00e9v\u00e9nements historiques et de fonds d\u2019archives priv\u00e9es. Des dispositifs multim\u00e9dias permettent d\u2019approfondir la visite en abordant entre autres th\u00e9matiques le d\u00e9cryptage d\u2019affiches et de photographies de la premi\u00e8re guerre mondiale, le travail d\u2019un photoreporter ind\u00e9pendant, l\u2019\u00e9criture de l\u2019histoire \u00e0 partir d\u2019archives audiovisuelles, les collectes d\u2019entretiens de t\u00e9moins de l\u2019histoire et une r\u00e9flexion sur les sources \u00e0 l\u2019\u00e8re num\u00e9rique.<br>Informations pratiques : les visites guid\u00e9es d\u2019une dur\u00e9e de 45 minutes \u00e0 1h sont gratuites et peuvent \u00eatre associ\u00e9es \u00e0 un atelier p\u00e9dagogique. Elles se d\u00e9roulent \u00e0 la Contemporaine du lundi au vendredi entre 10h et 17h et s\u2019adressent \u00e0 des groupes de 30 personnes maximum.<br>Les enseignants peuvent aussi venir sur r\u00e9servation en visite libre avec leur classe aux horaires d\u2019ouverture au public des espaces d\u2019exposition, du mardi au vendredi de 13h \u00e0 19h.<\/p>\n\n\n\n<h3 class=\"wp-block-heading\">Visite guid\u00e9e des expositions temporaires<\/h3>\n\n\n\n<p>La Contemporaine organise des visites guid\u00e9es de ses expositions temporaires pour les classes de la 3e \u00e0 la terminale et propose un accompagnement p\u00e9dagogique en ligne (dossiers p\u00e9dagogiques, fiches d\u2019activit\u00e9).<\/p>\n\n\n\n<div class=\"wp-block-columns is-layout-flex wp-container-core-columns-is-layout-9d6595d7 wp-block-columns-is-layout-flex\">\n<div class=\"wp-block-column is-layout-flow wp-block-column-is-layout-flow\" style=\"flex-basis:100%\">\n<p><strong>Informations pratiques :<\/strong> les visites guid\u00e9es, d\u2019une dur\u00e9e de 45 minutes \u00e0 1h, sont gratuites et peuvent \u00eatre associ\u00e9es \u00e0 un atelier p\u00e9dagogique. Elles se d\u00e9roulent \u00e0 la Contemporaine du lundi au vendredi entre 10h et 17h durant le temps de pr\u00e9sentation de l\u2019exposition temporaire et s\u2019adressent \u00e0 des groupes de trente personnes maximum.<br>Les enseignants peuvent aussi venir sur r\u00e9servation en visite libre avec leur classe aux horaires d\u2019ouverture au public des espaces d\u2019exposition, du mardi au vendredi de 13h \u00e0 19h.<\/p>\n<\/div>\n<\/div>\n\n\n\n<h2 class=\"wp-block-heading\">Formation continue des enseignants<\/h2>\n\n\n\n<p>La Contemporaine accueille des stages de formation continue en partenariat avec les rectorats de Versailles, Paris et Cr\u00e9teil. La participation de la Contemporaine \u00e0 ces stages peut inclure une pr\u00e9sentation des collections de la Contemporaine sur un sujet donn\u00e9 et des pistes d\u2019exploitation p\u00e9dagogique, une visite du parcours permanent et\/ou de l\u2019exposition temporaire et des ateliers de familiarisation avec les ressources et outils num\u00e9riques de la Contemporaine (pratiques et usages des sources iconographiques, des sources audiovisuelles\u2026).<\/p>\n\n\n\n<hr class=\"wp-block-separator has-alpha-channel-opacity\"\/>\n\n\n\n<p><strong>Pour toute demande de renseignements ou r\u00e9servation d&rsquo;une formation ou visite, merci de remplir le formulaire ci-dessous.<\/strong><\/p>\n\n\n\n<script src=\"https:\/\/lacontemporaine.libanswers.com\/1.0\/widgets\/8803\"><\/script>\n<div id=\"s-la-widget-8803\"><\/div>\n\n\n\n<p>Si le formulaire ne s&rsquo;affiche pas, vous pouvez : <\/p>\n\n\n\n<ul class=\"wp-block-list\">\n<li> Accepter les cookies li\u00e9s au service \u00ab\u00a0Support\u00a0\u00bb en cliquant sur l&rsquo;ic\u00f4ne en forme de citron en bas \u00e0 droite de votre \u00e9cran ;<\/li>\n\n\n\n<li><a href=\"https:\/\/lacontemporaine.libanswers.com\/widget_standalone.php?la_widget_id=8803\" data-type=\"link\" data-id=\"https:\/\/lacontemporaine.libanswers.com\/widget_standalone.php?la_widget_id=8803\" target=\"_blank\" rel=\"noopener\">Vous rendre directement sur le formulaire<\/a>.<\/li>\n<\/ul>\n\n\n\n<p><\/p>\n","protected":false},"excerpt":{"rendered":"<p>La Contemporaine accueille des classes de la 3e \u00e0 la terminale pour des visites guid\u00e9es de ses expositions et des ateliers p\u00e9dagogiques. Elle met \u00e9galement \u00e0 disposition des ressources p\u00e9dagogiques pour pr\u00e9parer, accompagner et prolonger la visite de classe. Ateliers p\u00e9dagogiques La Contemporaine propose des ateliers p\u00e9dagogiques et des parcours inter-mus\u00e9es en lien avec les [&hellip;]<\/p>\n","protected":false},"author":4,"featured_media":0,"parent":0,"menu_order":0,"comment_status":"closed","ping_status":"closed","template":"","meta":{"_acf_changed":false,"footnotes":""},"class_list":["post-756","page","type-page","status-publish","hentry"],"acf":[],"_links":{"self":[{"href":"https:\/\/www.lacontemporaine.fr\/fr\/wp-json\/wp\/v2\/pages\/756","targetHints":{"allow":["GET"]}}],"collection":[{"href":"https:\/\/www.lacontemporaine.fr\/fr\/wp-json\/wp\/v2\/pages"}],"about":[{"href":"https:\/\/www.lacontemporaine.fr\/fr\/wp-json\/wp\/v2\/types\/page"}],"author":[{"embeddable":true,"href":"https:\/\/www.lacontemporaine.fr\/fr\/wp-json\/wp\/v2\/users\/4"}],"replies":[{"embeddable":true,"href":"https:\/\/www.lacontemporaine.fr\/fr\/wp-json\/wp\/v2\/comments?post=756"}],"version-history":[{"count":3,"href":"https:\/\/www.lacontemporaine.fr\/fr\/wp-json\/wp\/v2\/pages\/756\/revisions"}],"predecessor-version":[{"id":2822,"href":"https:\/\/www.lacontemporaine.fr\/fr\/wp-json\/wp\/v2\/pages\/756\/revisions\/2822"}],"wp:attachment":[{"href":"https:\/\/www.lacontemporaine.fr\/fr\/wp-json\/wp\/v2\/media?parent=756"}],"curies":[{"name":"wp","href":"https:\/\/api.w.org\/{rel}","templated":true}]}}