{"id":740,"date":"2025-07-18T12:05:14","date_gmt":"2025-07-18T10:05:14","guid":{"rendered":"https:\/\/www.lacontemporaine.fr\/?post_type=page-de-base&#038;p=740"},"modified":"2026-04-23T10:44:13","modified_gmt":"2026-04-23T08:44:13","slug":"postes-informatiques-acces-wifi","status":"publish","type":"page","link":"https:\/\/www.lacontemporaine.fr\/fr\/postes-informatiques-acces-wifi\/","title":{"rendered":"Postes informatiques, acc\u00e8s wifi"},"content":{"rendered":"\n<p><strong>Dans le hall<\/strong>, 2 postes en consultation libre permettent de consulter le site de la Contemporaine, d&rsquo;acc\u00e9der aux catalogues, \u00e0 la biblioth\u00e8que num\u00e9rique et aux ressources \u00e9lectroniques de la Contemporaine.<\/p>\n\n\n\n<p><strong>Dans la salle de lecture<\/strong>,<strong> 12 postes en consultation libre<\/strong> offrent un acc\u00e8s \u00e0 Internet (sans restriction) et \u00e0 une suite bureautique. Il est possible d&rsquo;utiliser une cl\u00e9 USB sur ces postes. Ces postes permettent d&rsquo;imprimer des documents sur <a href=\"\/impressions-et-photocopies\/\">l&rsquo;imprimante situ\u00e9e dans le local reprographie<\/a>.<\/p>\n\n\n\n<p>Les membres de la communaut\u00e9 universitaire Paris Nanterre (\u00e9tudiants et personnels) comme tout lecteur inscrit \u00e0 la Contemporaine peuvent se connecter depuis leur propre mat\u00e9riel au <strong>r\u00e9seau wifi Eduspot &#8211; Universit\u00e9 Paris Nanterre<\/strong>. S\u00e9lectionnez Eduspot dans la liste des r\u00e9seaux disponibles puis l&rsquo;\u00e9tablissement Universit\u00e9 Paris Nanterre. Vos identifiants sont ceux que vous utilisez actuellement \u00e0 la Contemporaine.<\/p>\n\n\n\n<p>Il est possible d&rsquo;imprimer depuis son propre ordinateur sur <a href=\"\/impressions-et-photocopies\/\">l&rsquo;imprimante situ\u00e9e dans le local reprographie<\/a>.<\/p>\n\n\n\n<p><\/p>\n","protected":false},"excerpt":{"rendered":"<p>Dans le hall, 2 postes en consultation libre permettent de consulter le site de la Contemporaine, d&rsquo;acc\u00e9der aux catalogues, \u00e0 la biblioth\u00e8que num\u00e9rique et aux ressources \u00e9lectroniques de la Contemporaine. Dans la salle de lecture, 12 postes en consultation libre offrent un acc\u00e8s \u00e0 Internet (sans restriction) et \u00e0 une suite bureautique. Il est possible [&hellip;]<\/p>\n","protected":false},"author":4,"featured_media":0,"parent":0,"menu_order":0,"comment_status":"closed","ping_status":"closed","template":"","meta":{"_acf_changed":false,"footnotes":""},"class_list":["post-740","page","type-page","status-publish","hentry"],"acf":[],"_links":{"self":[{"href":"https:\/\/www.lacontemporaine.fr\/fr\/wp-json\/wp\/v2\/pages\/740","targetHints":{"allow":["GET"]}}],"collection":[{"href":"https:\/\/www.lacontemporaine.fr\/fr\/wp-json\/wp\/v2\/pages"}],"about":[{"href":"https:\/\/www.lacontemporaine.fr\/fr\/wp-json\/wp\/v2\/types\/page"}],"author":[{"embeddable":true,"href":"https:\/\/www.lacontemporaine.fr\/fr\/wp-json\/wp\/v2\/users\/4"}],"replies":[{"embeddable":true,"href":"https:\/\/www.lacontemporaine.fr\/fr\/wp-json\/wp\/v2\/comments?post=740"}],"version-history":[{"count":2,"href":"https:\/\/www.lacontemporaine.fr\/fr\/wp-json\/wp\/v2\/pages\/740\/revisions"}],"predecessor-version":[{"id":2456,"href":"https:\/\/www.lacontemporaine.fr\/fr\/wp-json\/wp\/v2\/pages\/740\/revisions\/2456"}],"wp:attachment":[{"href":"https:\/\/www.lacontemporaine.fr\/fr\/wp-json\/wp\/v2\/media?parent=740"}],"curies":[{"name":"wp","href":"https:\/\/api.w.org\/{rel}","templated":true}]}}