{"id":2210,"date":"2025-10-28T11:50:52","date_gmt":"2025-10-28T10:50:52","guid":{"rendered":"https:\/\/www.lacontemporaine.fr\/?post_type=page-de-base&#038;p=2210"},"modified":"2025-12-11T12:16:01","modified_gmt":"2025-12-11T11:16:01","slug":"lassociation-des-amis-de-la-contemporaine","status":"publish","type":"page","link":"https:\/\/www.lacontemporaine.fr\/fr\/lassociation-des-amis-de-la-contemporaine\/","title":{"rendered":"L&rsquo;Association des amis de la Contemporaine"},"content":{"rendered":"\n<p>Cr\u00e9\u00e9e en 1981 sous le nom d\u2019Association des Amis de la BDIC et du Mus\u00e9e, elle s\u2019est donn\u00e9 pour but d&rsquo;apporter son appui moral et mat\u00e9riel \u00e0 la Contemporaine et de contribuer au rayonnement de ses collections exceptionnelles : ouvrages, journaux et revues, fonds d&rsquo;archives, mais aussi peintures, dessins, gravures, affiches, photographies, objets, archives sonores et audiovisuelles.<\/p>\n\n\n\n<p>Elle rassemble les usagers \u2013 \u00e9tudiants, universitaires, chercheurs, journalistes\u2026- et toutes les personnes physiques ou morales d\u00e9sireuses d\u2019apporter leurs id\u00e9es, de soutenir son d\u00e9veloppement par le m\u00e9c\u00e9nat ou le don d\u2019archives et de documents. L\u2019association propose \u00e0 ses membres un acc\u00e8s privil\u00e9gi\u00e9 aux expositions, conf\u00e9rences, projections et d\u00e9bats organis\u00e9s par la Contemporaine et ses partenaires.<\/p>\n\n\n\n<p><strong>Coordonn\u00e9es<\/strong><\/p>\n\n\n<style>.kadence-column2210_9b715e-90 > .kt-inside-inner-col,.kadence-column2210_9b715e-90 > .kt-inside-inner-col:before{border-top-left-radius:0px;border-top-right-radius:0px;border-bottom-right-radius:0px;border-bottom-left-radius:0px;}.kadence-column2210_9b715e-90 > .kt-inside-inner-col{column-gap:var(--global-kb-gap-sm, 1rem);}.kadence-column2210_9b715e-90 > .kt-inside-inner-col{flex-direction:column;}.kadence-column2210_9b715e-90 > .kt-inside-inner-col > .aligncenter{width:100%;}.kadence-column2210_9b715e-90 > .kt-inside-inner-col:before{opacity:0.3;}.kadence-column2210_9b715e-90{position:relative;}@media all and (max-width: 1024px){.kadence-column2210_9b715e-90 > .kt-inside-inner-col{flex-direction:column;justify-content:center;}}@media all and (max-width: 767px){.kadence-column2210_9b715e-90 > .kt-inside-inner-col{flex-direction:column;justify-content:center;}}<\/style>\n<div class=\"wp-block-kadence-column kadence-column2210_9b715e-90\"><div class=\"kt-inside-inner-col\">\n<p>Association des Amis de la Contemporaine<\/p>\n\n\n\n<p>184, cours Nicole Dreyfus<\/p>\n\n\n\n<p>92000 Nanterre<\/p>\n<\/div><\/div>\n\n\n\n<div class=\"wp-block-buttons is-layout-flex wp-block-buttons-is-layout-flex\">\n<div class=\"wp-block-button\"><a class=\"wp-block-button__link wp-element-button\" href=\"https:\/\/www.helloasso.com\/associations\/association-des-amis-de-la-contemporaine-bibliotheque-archives-musee-des-mondes-contemporains\" target=\"_blank\" rel=\"noopener\">Adh\u00e9rer \u00e0 l\u2019association<\/a><\/div>\n\n\n\n<div class=\"wp-block-button\"><a class=\"wp-block-button__link wp-element-button\" href=\"\/wp-content\/uploads\/2025\/10\/Statuts_Association_des_Amis_de_La_contemporaine.pdf\">Statuts de l\u2019association<\/a><\/div>\n<\/div>\n\n\n\n<p>Par ailleurs, l&rsquo;association publie conjointement avec la Contemporaine la revue <em><a href=\"\/publications\">Mat\u00e9riaux pour l\u2019histoire de notre temps<\/a><\/em> et anime son comit\u00e9 de lecture. Couvrant le champ de l&rsquo;histoire contemporaine et des relations internationales aux XX<sup>e<\/sup> et XXI<sup>e<\/sup> si\u00e8cles, la revue se nourrit des contributions d&rsquo;un solide r\u00e9seau de chercheurs reconnus internationalement, lui-m\u00eame adoss\u00e9 aux riches collections abrit\u00e9es par la Contemporaine. Des textes \u00e9crits par le personnel de cette derni\u00e8re viennent mettre en perspective des fonds peu connus ou r\u00e9cemment inventori\u00e9s, sources premi\u00e8res de l&rsquo;histoire des mondes contemporains en train de s&rsquo;\u00e9crire.<\/p>\n\n\n\n<div class=\"wp-block-buttons is-layout-flex wp-block-buttons-is-layout-flex\">\n<div class=\"wp-block-button\"><a class=\"wp-block-button__link wp-element-button\" href=\"\/contact\">S\u2019abonner \u00e0 Mat\u00e9riaux\u00a0: contacter la Contemporaine<\/a><\/div>\n<\/div>\n\n\n\n<h2 class=\"wp-block-heading\">Prix d\u2019\u00e9tude des mondes contemporains&nbsp;<\/h2>\n\n\n\n<p>Organis\u00e9 conjointement par l\u2019Association des Amis de la Contemporaine et l\u2019<a href=\"https:\/\/www.ecpad.fr\/\" target=\"_blank\" rel=\"noopener\">\u00c9tablissement de communication et de production audiovisuelle de la D\u00e9fense<\/a> (ECPAD), le \u00ab Prix d\u2019\u00e9tude des mondes contemporains \u00bb r\u00e9compense deux m\u00e9moires de master 2 en sciences humaines et sociales :<\/p>\n\n\n\n<ul class=\"wp-block-list\">\n<li>L\u2019un dont le sujet entre dans <strong>un des axes prioritaires de la Contemporaine<\/strong>: premi\u00e8re et deuxi\u00e8me guerres mondiales et autres conflits arm\u00e9s du XX<sup>e<\/sup> et du XXI<sup>e<\/sup> si\u00e8cles, histoire coloniale et d\u00e9colonisations, migrations volontaires ou forc\u00e9es, mobilisations citoyennes, droits de l\u2019Homme ;<\/li>\n\n\n\n<li>L\u2019autre <strong>utilisant des sources photographiques ou audiovisuelles issues des fonds de l\u2019ECPAD<\/strong>.<\/li>\n<\/ul>\n\n\n\n<p>Une dotation de 1 500 euros est attribu\u00e9e \u00e0 chaque m\u00e9moire r\u00e9compens\u00e9.<\/p>\n\n\n\n<p>Au cours de la c\u00e9r\u00e9monie de remise des prix, les laur\u00e9at.e.s sont invit\u00e9.e.s \u00e0 pr\u00e9senter leur recherche sous forme de conf\u00e9rences. Les frais de d\u00e9placement sont pris en charge.<\/p>\n\n\n\n<p>La revue <em>Mat\u00e9riaux pour l\u2019histoire de notre temps<\/em> publiera un article issu des travaux de chacun.e des laur\u00e9at.e.s. Les travaux de candidats ayant attir\u00e9 l\u2019attention du jury pourront \u00e9galement se voir proposer une publication dans la revue <em>Mat\u00e9riaux pour l\u2019histoire de notre temps<\/em>.<\/p>\n\n\n\n<p><a href=\"https:\/\/lcbam.hypotheses.org\/category\/assocication-des-amis-lc\/prix-etude-mondes-contemporains\" target=\"_blank\" rel=\"noopener\">Le Prix des mondes contemporains sur le carnet de recherche de la Contemporaine<\/a><\/p>\n\n\n\n<p>La premi\u00e8re \u00e9dition du Prix a \u00e9t\u00e9 lanc\u00e9e en 2020 avec les amis de l&rsquo;H\u00f4tel de Brienne.<\/p>\n","protected":false},"excerpt":{"rendered":"<p>Cr\u00e9\u00e9e en 1981 sous le nom d\u2019Association des Amis de la BDIC et du Mus\u00e9e, elle s\u2019est donn\u00e9 pour but d&rsquo;apporter son appui moral et mat\u00e9riel \u00e0 la Contemporaine et de contribuer au rayonnement de ses collections exceptionnelles : ouvrages, journaux et revues, fonds d&rsquo;archives, mais aussi peintures, dessins, gravures, affiches, photographies, objets, archives sonores [&hellip;]<\/p>\n","protected":false},"author":4,"featured_media":0,"parent":0,"menu_order":0,"comment_status":"closed","ping_status":"closed","template":"","meta":{"_acf_changed":false,"footnotes":""},"class_list":["post-2210","page","type-page","status-publish","hentry"],"acf":[],"_links":{"self":[{"href":"https:\/\/www.lacontemporaine.fr\/fr\/wp-json\/wp\/v2\/pages\/2210","targetHints":{"allow":["GET"]}}],"collection":[{"href":"https:\/\/www.lacontemporaine.fr\/fr\/wp-json\/wp\/v2\/pages"}],"about":[{"href":"https:\/\/www.lacontemporaine.fr\/fr\/wp-json\/wp\/v2\/types\/page"}],"author":[{"embeddable":true,"href":"https:\/\/www.lacontemporaine.fr\/fr\/wp-json\/wp\/v2\/users\/4"}],"replies":[{"embeddable":true,"href":"https:\/\/www.lacontemporaine.fr\/fr\/wp-json\/wp\/v2\/comments?post=2210"}],"version-history":[{"count":1,"href":"https:\/\/www.lacontemporaine.fr\/fr\/wp-json\/wp\/v2\/pages\/2210\/revisions"}],"predecessor-version":[{"id":2492,"href":"https:\/\/www.lacontemporaine.fr\/fr\/wp-json\/wp\/v2\/pages\/2210\/revisions\/2492"}],"wp:attachment":[{"href":"https:\/\/www.lacontemporaine.fr\/fr\/wp-json\/wp\/v2\/media?parent=2210"}],"curies":[{"name":"wp","href":"https:\/\/api.w.org\/{rel}","templated":true}]}}