{"id":117,"date":"2025-05-12T15:46:00","date_gmt":"2025-05-12T15:46:00","guid":{"rendered":"https:\/\/80--main--lacontemporaine--wsa.coder.advency.cloud\/?page_id=117"},"modified":"2026-01-16T10:51:05","modified_gmt":"2026-01-16T09:51:05","slug":"politique-de-confidentialite","status":"publish","type":"page","link":"https:\/\/www.lacontemporaine.fr\/fr\/politique-de-confidentialite\/","title":{"rendered":"Politique de confidentialit\u00e9"},"content":{"rendered":"\n<div class=\"wp-block-group is-vertical is-layout-flex wp-container-core-group-is-layout-8cf370e7 wp-block-group-is-layout-flex\">\n<p>La Contemporaine, en tant que service inter-\u00e9tablissement rattach\u00e9 \u00e0 l\u2019Universit\u00e9 Paris Nanterre, est amen\u00e9e, dans le cadre de ses activit\u00e9s, \u00e0 collecter et traiter des donn\u00e9es personnelles en tant que responsable de traitement au sens du RGPD.\u00a0<\/p>\n\n\n\n<p>La Contemporaine s\u2019engage \u00e0 ce titre \u00e0 ne collecter que les donn\u00e9es personnelles indispensables au fonctionnement du service souhait\u00e9, \u00e0 ne les conserver que dans la limite de dur\u00e9e de conservation strictement utile \u00e0 la finalit\u00e9 poursuivie, et \u00e0 mettre en \u0153uvre toutes les mesures techniques et organisationnelles appropri\u00e9es pour assurer la s\u00e9curit\u00e9 et la confidentialit\u00e9 de vos donn\u00e9es personnelles.&nbsp;<\/p>\n\n\n\n<h3 class=\"wp-block-heading\">Les donn\u00e9es collect\u00e9es :&nbsp;<\/h3>\n\n\n\n<ul class=\"wp-block-list\">\n<li>Identit\u00e9 : nom, pr\u00e9nom<\/li>\n\n\n\n<li>Coordonn\u00e9es : adresse e-mail, t\u00e9l\u00e9phone (le cas \u00e9ch\u00e9ant)<\/li>\n\n\n\n<li>Informations techniques : adresse IP, cookies, navigateur utilis\u00e9, pages visit\u00e9es<\/li>\n\n\n\n<li>Donn\u00e9es transmises via des formulaires de contact, d\u2019inscription, d\u2019abonnement, ou de participation \u00e0 des \u00e9v\u00e9nements<\/li>\n\n\n\n<li>Informations de paiement<\/li>\n<\/ul>\n\n\n\n<h3 class=\"wp-block-heading\">Les donn\u00e9es personnelles sont collect\u00e9es pour les finalit\u00e9s suivantes :&nbsp;<\/h3>\n\n\n\n<ul class=\"wp-block-list\">\n<li>Gestion des demandes de contact, d\u2019inscription et d\u2019abonnement\u00a0<\/li>\n\n\n\n<li>Gestion des pr\u00eats, des demandes de reproduction et de consultation<\/li>\n\n\n\n<li>Gestion des demandes de participation aux \u00e9v\u00e9nements (visites guid\u00e9es, etc.)\u00a0<\/li>\n\n\n\n<li>Communication institutionnelle<\/li>\n\n\n\n<li>Gestion des services propos\u00e9s sur le site\u00a0<\/li>\n\n\n\n<li>Mesures d\u2019audience et am\u00e9lioration du site\u00a0<\/li>\n<\/ul>\n\n\n\n<p>Ces traitements reposent sur la base l\u00e9gale de l\u2019ex\u00e9cution d\u2019une mission d\u2019int\u00e9r\u00eat public, du respect de certaines obligations l\u00e9gales, ou du consentement de l\u2019utilisateur, selon le cas.&nbsp;<br>La Contemporaine utilise aussi <a href=\"https:\/\/fr.matomo.org\/get\/matomo-analytics-fr-2d\/\" target=\"_blank\" rel=\"noreferrer noopener\">Matomo<\/a>, un service d\u2019analyse web qui d\u00e9pose des cookies analysant le volume et la source du trafic sur notre site. Les cookies Matomo permettent \u00e9galement d\u2019analyser de fa\u00e7on anonyme le comportement des visiteurs du site afin de mesurer et d\u2019am\u00e9liorer les performances du site et des campagnes de communication en ligne. Le recueil de votre consentement n\u2019est pas requis, car le logiciel d\u2019analyse d\u2019audience Matomo est configur\u00e9 selon <a href=\"https:\/\/www.cnil.fr\/fr\/cookies-et-autres-traceurs\/regles\/cookies-solutions-pour-les-outils-de-mesure-daudience\" target=\"_blank\" rel=\"noreferrer noopener\">les recommandations de la CNIL<\/a> pour b\u00e9n\u00e9ficier de l\u2019exemption de consentement.&nbsp;&nbsp;&nbsp;<\/p>\n\n\n\n<h3 class=\"wp-block-heading\"><a href=\"https:\/\/fr.matomo.org\/faq\/faq_146\/\" target=\"_blank\" rel=\"noreferrer noopener\">Plus d\u2019informations sur les cookies de Matomo<\/a><\/h3>\n\n\n\n<h3 class=\"wp-block-heading\"><a href=\"https:\/\/www.cnil.fr\/fr\/comment-ca-marche\" target=\"_blank\" rel=\"noreferrer noopener\">Plus d\u2019information sur les cookies sur le site de la CNIL<\/a><\/h3>\n\n\n\n<h3 class=\"wp-block-heading\">Destinataires des donn\u00e9es :&nbsp;<\/h3>\n\n\n\n<p>Vos donn\u00e9es peuvent \u00eatre transmises :&nbsp;<\/p>\n\n\n\n<ul class=\"wp-block-list\">\n<li>Au personnel habilit\u00e9 de la Contemporaine strictement dans le cadre de ses fonctions<\/li>\n\n\n\n<li>\u00c0 des prestataires techniques (h\u00e9bergeur, outils de formulaire ou d\u2019envoi de newsletters) \u00e9galement soumis \u00e0 des obligations strictes de confidentialit\u00e9 et de s\u00e9curit\u00e9\u00a0<\/li>\n<\/ul>\n\n\n\n<p>Aucune information personnelle n\u2019est collect\u00e9e \u00e0 votre insu. Aucune information personnelle n\u2019est c\u00e9d\u00e9e \u00e0 des tiers. Aucune donn\u00e9e n\u2019est transf\u00e9r\u00e9e hors de l\u2019Union Europ\u00e9enne.<\/p>\n\n\n\n<h3 class=\"wp-block-heading\">Vos droits :&nbsp;<\/h3>\n\n\n\n<p>Conform\u00e9ment au R\u00e8glement g\u00e9n\u00e9ral sur la protection des donn\u00e9es (RGPD), vous disposez des droits suivants :&nbsp;<\/p>\n\n\n\n<ul class=\"wp-block-list\">\n<li>Droit d\u2019acc\u00e8s, de rectification, d\u2019effacement\u00a0<\/li>\n\n\n\n<li>Droit \u00e0 la limitation du traitement<\/li>\n\n\n\n<li>Droit d\u2019opposition<\/li>\n\n\n\n<li>Droit \u00e0 la portabilit\u00e9, dans la limite de la faisabilit\u00e9 technique\u00a0<\/li>\n\n\n\n<li>Droit de retrait de votre consentement (le cas \u00e9ch\u00e9ant)<\/li>\n<\/ul>\n\n\n\n<p>Les utilisateurs sont invit\u00e9s \u00e0 prendre contact avec la D\u00e9l\u00e9gu\u00e9e \u00e0 la protection des donn\u00e9es de l\u2019Universit\u00e9 Paris Nanterre, \u00e9tablissement principal de rattachement de la Contemporaine, pour toute question sur le traitement de leurs donn\u00e9es, et pour exercer leurs droits sur leurs donn\u00e9es personnelles.&nbsp;<br><strong>Contact<\/strong> : <a href=\"mailto:dpo@liste.parisnanterre.fr\">dpo@liste.parisnanterre.fr<\/a>&nbsp;<br>Vous disposez du droit de d\u00e9poser une r\u00e9clamation aupr\u00e8s de la Commission Nationale de l\u2019Informatique et des Libert\u00e9s (CNIL), si vos demandes n\u2019\u00e9taient pas satisfaites.<\/p>\n<\/div>\n","protected":false},"excerpt":{"rendered":"<p>La Contemporaine, en tant que service inter-\u00e9tablissement rattach\u00e9 \u00e0 l\u2019Universit\u00e9 Paris Nanterre, est amen\u00e9e, dans le cadre de ses activit\u00e9s, \u00e0 collecter et traiter des donn\u00e9es personnelles en tant que responsable de traitement au sens du RGPD.\u00a0 La Contemporaine s\u2019engage \u00e0 ce titre \u00e0 ne collecter que les donn\u00e9es personnelles indispensables au fonctionnement du service [&hellip;]<\/p>\n","protected":false},"author":1,"featured_media":0,"parent":0,"menu_order":0,"comment_status":"closed","ping_status":"closed","template":"","meta":{"_acf_changed":false,"footnotes":""},"class_list":["post-117","page","type-page","status-publish","hentry"],"acf":[],"_links":{"self":[{"href":"https:\/\/www.lacontemporaine.fr\/fr\/wp-json\/wp\/v2\/pages\/117","targetHints":{"allow":["GET"]}}],"collection":[{"href":"https:\/\/www.lacontemporaine.fr\/fr\/wp-json\/wp\/v2\/pages"}],"about":[{"href":"https:\/\/www.lacontemporaine.fr\/fr\/wp-json\/wp\/v2\/types\/page"}],"author":[{"embeddable":true,"href":"https:\/\/www.lacontemporaine.fr\/fr\/wp-json\/wp\/v2\/users\/1"}],"replies":[{"embeddable":true,"href":"https:\/\/www.lacontemporaine.fr\/fr\/wp-json\/wp\/v2\/comments?post=117"}],"version-history":[{"count":3,"href":"https:\/\/www.lacontemporaine.fr\/fr\/wp-json\/wp\/v2\/pages\/117\/revisions"}],"predecessor-version":[{"id":2689,"href":"https:\/\/www.lacontemporaine.fr\/fr\/wp-json\/wp\/v2\/pages\/117\/revisions\/2689"}],"wp:attachment":[{"href":"https:\/\/www.lacontemporaine.fr\/fr\/wp-json\/wp\/v2\/media?parent=117"}],"curies":[{"name":"wp","href":"https:\/\/api.w.org\/{rel}","templated":true}]}}