{"id":115,"date":"2025-05-12T15:46:00","date_gmt":"2025-05-12T15:46:00","guid":{"rendered":"https:\/\/80--main--lacontemporaine--wsa.coder.advency.cloud\/?page_id=115"},"modified":"2026-03-19T12:35:49","modified_gmt":"2026-03-19T11:35:49","slug":"mentions-legales","status":"publish","type":"page","link":"https:\/\/www.lacontemporaine.fr\/fr\/mentions-legales\/","title":{"rendered":"Mentions l\u00e9gales"},"content":{"rendered":"\n<h2 class=\"wp-block-heading\">\u00c9diteur du site<\/h2>\n\n\n\n<div class=\"wp-block-group is-vertical is-layout-flex wp-container-core-group-is-layout-8cf370e7 wp-block-group-is-layout-flex\">\n<p>Ce site est \u00e9dit\u00e9 par la Contemporaine.<\/p>\n\n\n\n<p><strong>Adresse :&nbsp;<\/strong><br>La Contemporaine \u2013 Biblioth\u00e8que, archives, mus\u00e9e des mondes contemporains<br>Universit\u00e9 Paris Nanterre<br>200 avenue de la R\u00e9publique<br>92001 Nanterre Cedex \u2013 France<\/p>\n\n\n\n<p><strong>T\u00e9l\u00e9phone <\/strong>: 01 40 97 79 00<\/p>\n\n\n\n<p><strong>Directeur de la publication<\/strong> : Xavier Sen\u00e9<\/p>\n\n\n\n<p>Ce site est h\u00e9berg\u00e9 par : Advency \u2013 34 rue du Languedoc, 31000 Toulouse, France \u2013 05 82 95 81 39 \/ OVH\u00a0\u00a0<\/p>\n<\/div>\n\n\n\n<h2 class=\"wp-block-heading\">Propri\u00e9t\u00e9 intellectuelle<\/h2>\n\n\n\n<div class=\"wp-block-group is-vertical is-layout-flex wp-container-core-group-is-layout-8cf370e7 wp-block-group-is-layout-flex\">\n<div class=\"wp-block-group is-vertical is-layout-flex wp-container-core-group-is-layout-8cf370e7 wp-block-group-is-layout-flex\">\n<p>Ce site rel\u00e8ve de la l\u00e9gislation fran\u00e7aise sur le droit d\u2019auteur et la propri\u00e9t\u00e9 intellectuelle.<\/p>\n\n\n\n<p>Si malgr\u00e9 la vigilance de la Contemporaine, vous \u00eates titulaire de droits d\u2019auteur sur les \u0153uvres repr\u00e9sent\u00e9es et d\u00e9sirez que ces \u0153uvres ne soient pas publi\u00e9es sur ce site, vous pouvez nous en informer <a href=\"\/contact\">en nous contactant<\/a> : les images concern\u00e9es en seront imm\u00e9diatement retir\u00e9es.<\/p>\n<\/div>\n\n\n\n<p>Sauf mention contraire, les textes qui figurent dans les diff\u00e9rentes rubriques de ce site ont \u00e9t\u00e9 produits par les agents de la Contemporaine. Ils sont r\u00e9utilisables selon les termes de la licence Creative Commons Paternit\u00e9 \u2013 Pas d\u2019usage commercial \u2013 Pas de modification&nbsp; (CC-BY-NC-ND&nbsp; 4.0). La Contemporaine, en tant qu&rsquo;institution, doit \u00eatre cr\u00e9dit\u00e9e de la paternit\u00e9 des textes r\u00e9utilis\u00e9s, ainsi que les noms des agents ayant produit ces textes, lorsqu\u2019ils sont mentionn\u00e9s.<\/p>\n\n\n\n<figure class=\"wp-block-image size-full\"><img loading=\"lazy\" decoding=\"async\" width=\"403\" height=\"141\" src=\"https:\/\/www.lacontemporaine.fr\/wp-content\/uploads\/2025\/10\/image.jpeg\" alt=\"\" class=\"wp-image-2181\" srcset=\"https:\/\/www.lacontemporaine.fr\/wp-content\/uploads\/2025\/10\/image.jpeg 403w, https:\/\/www.lacontemporaine.fr\/wp-content\/uploads\/2025\/10\/image-300x105.jpeg 300w, https:\/\/www.lacontemporaine.fr\/wp-content\/uploads\/2025\/10\/image-18x6.jpeg 18w\" sizes=\"auto, (max-width: 403px) 100vw, 403px\" \/><\/figure>\n\n\n\n<p>Selon cette licence, vous \u00eates libre de :<br>Partager \u2014 copier, distribuer et communiquer le mat\u00e9riel par tous moyens et sous tous formats, selon les conditions suivantes :<\/p>\n\n\n\n<ul class=\"wp-block-list\">\n<li>Attribution \u2014 Vous devez attribuer l\u2019\u0153uvre de la mani\u00e8re indiqu\u00e9e par l\u2019auteur de l\u2019\u0153uvre ou le titulaire des droits (mais pas d\u2019une mani\u00e8re qui sugg\u00e9rerait qu\u2019ils vous approuvent, vous ou votre utilisation de l\u2019\u0153uvre).<\/li>\n\n\n\n<li>Pas d\u2019Utilisation Commerciale \u2014 Vous n&rsquo;\u00eates pas autoris\u00e9 \u00e0 faire un usage commercial de cette Oeuvre, tout ou partie du mat\u00e9riel la composant.<\/li>\n\n\n\n<li>Pas de modifications \u2014 Dans le cas o\u00f9 vous effectuez un remix, que vous transformez, ou cr\u00e9ez \u00e0 partir du mat\u00e9riel composant l&rsquo;Oeuvre originale, vous n&rsquo;\u00eates pas autoris\u00e9 \u00e0 distribuer ou mettre \u00e0 disposition l&rsquo;Oeuvre modifi\u00e9e.<\/li>\n<\/ul>\n\n\n\n<p>Les images, vid\u00e9os et documents sonores diffus\u00e9s sur ce site sont fr\u00e9quemment couverts par des droits de propri\u00e9t\u00e9 intellectuelle appartenant \u00e0 des tiers, \u00e0 qui la Contemporaine a demand\u00e9 des autorisations de diffusion. Ces contenus ne peuvent \u00eatre r\u00e9utilis\u00e9s sans autorisation pr\u00e9alable des-dits titulaires de droits, sauf dans le cadre des exceptions au droit d\u2019auteur pr\u00e9vues par la loi (notamment&nbsp; la copie priv\u00e9e et l\u2019exception p\u00e9dagogique et de recherche).<br>Certaines images diffus\u00e9es sur ce site ont \u00e9t\u00e9 num\u00e9ris\u00e9es par la Contemporaine \u00e0 partir d\u2019\u0153uvres appartenant au domaine public. Dans ce cas, ces contenus sont mis \u00e0 disposition dans les termes de la Licence Ouverte\/Open Licence.&nbsp;<\/p>\n\n\n\n<figure class=\"wp-block-image size-full\"><img loading=\"lazy\" decoding=\"async\" width=\"500\" height=\"276\" src=\"https:\/\/www.lacontemporaine.fr\/wp-content\/uploads\/2025\/10\/image.png\" alt=\"\" class=\"wp-image-2182\" srcset=\"https:\/\/www.lacontemporaine.fr\/wp-content\/uploads\/2025\/10\/image.png 500w, https:\/\/www.lacontemporaine.fr\/wp-content\/uploads\/2025\/10\/image-300x166.png 300w, https:\/\/www.lacontemporaine.fr\/wp-content\/uploads\/2025\/10\/image-18x10.png 18w\" sizes=\"auto, (max-width: 500px) 100vw, 500px\" \/><\/figure>\n\n\n\n<p>La Licence ouverte est la licence officielle mise en \u0153uvre par le Gouvernement pour faciliter la r\u00e9utilisation des donn\u00e9es publiques produites par les administrations publiques.&nbsp;<br>Cette licence permet la r\u00e9utilisation des informations selon les modes d\u2019exploitation suivantes :&nbsp;<\/p>\n\n\n\n<ul class=\"wp-block-list\">\n<li>Reproduction et copie de l\u2019information&nbsp;;<\/li>\n\n\n\n<li>Adaptation, modification, extraction, transformation pour cr\u00e9er des informations d\u00e9riv\u00e9es&nbsp;;<\/li>\n\n\n\n<li>Communication, diffusion, redistribution, publication et transmission&nbsp;;<\/li>\n\n\n\n<li>Exploitation \u00e0 titre commercial, en la combinant avec d\u2019autres informations ou l\u2019incluant dans des produits.&nbsp;<\/li>\n<\/ul>\n\n\n\n<p>Ces exploitations sont permises par le respect d\u2019une condition d\u2019attribution en mentionnant la source et la date de derni\u00e8re mise \u00e0 jour de l\u2019Information.<\/p>\n<\/div>\n\n\n\n<div class=\"wp-block-group is-vertical is-layout-flex wp-container-core-group-is-layout-8cf370e7 wp-block-group-is-layout-flex\">\n<h2 class=\"wp-block-heading\">Donn\u00e9es personnelles<\/h2>\n\n\n\n<p>La Contemporaine, en tant que service inter-\u00e9tablissement rattach\u00e9 \u00e0 l\u2019Universit\u00e9 Paris Nanterre, est amen\u00e9e, dans le cadre de ses activit\u00e9s, \u00e0 collecter et traiter des donn\u00e9es personnelles en tant que responsable de traitement au sens du RGPD.&nbsp;<\/p>\n\n\n\n<p>La Contemporaine s\u2019engage \u00e0 ce titre \u00e0 ne collecter que les donn\u00e9es personnelles indispensables au fonctionnement du service souhait\u00e9, \u00e0 ne les conserver que dans la limite de dur\u00e9e de conservation strictement utile \u00e0 la finalit\u00e9 poursuivie, et \u00e0 mettre en \u0153uvre toutes les mesures techniques et organisationnelles appropri\u00e9es pour assurer la s\u00e9curit\u00e9 et la confidentialit\u00e9 de vos donn\u00e9es personnelles.&nbsp;<\/p>\n<\/div>\n\n\n\n<div class=\"wp-block-group is-vertical is-layout-flex wp-container-core-group-is-layout-8cf370e7 wp-block-group-is-layout-flex\">\n<h3 class=\"wp-block-heading\">Les donn\u00e9es collect\u00e9es :&nbsp;<\/h3>\n\n\n\n<ul class=\"wp-block-list\">\n<li>Identit\u00e9 : nom, pr\u00e9nom<\/li>\n\n\n\n<li>Coordonn\u00e9es : adresse e-mail, t\u00e9l\u00e9phone (le cas \u00e9ch\u00e9ant)<\/li>\n\n\n\n<li>Informations techniques : adresse IP, cookies, navigateur utilis\u00e9, pages visit\u00e9es<\/li>\n\n\n\n<li>Donn\u00e9es transmises via des formulaires de contact, d\u2019inscription, d\u2019abonnement, ou de participation \u00e0 des \u00e9v\u00e9nements<\/li>\n\n\n\n<li>Informations de paiement<\/li>\n<\/ul>\n<\/div>\n\n\n\n<div class=\"wp-block-group is-vertical is-layout-flex wp-container-core-group-is-layout-8cf370e7 wp-block-group-is-layout-flex\">\n<h3 class=\"wp-block-heading\">Les donn\u00e9es personnelles sont collect\u00e9es pour les finalit\u00e9s suivantes :&nbsp;<\/h3>\n\n\n\n<ul class=\"wp-block-list\">\n<li>Gestion des demandes de contact, d\u2019inscription et d\u2019abonnement&nbsp;<\/li>\n\n\n\n<li>Gestion des pr\u00eats, des demandes de reproduction et de consultation<\/li>\n\n\n\n<li>Gestion des demandes de participation aux \u00e9v\u00e9nements (visites guid\u00e9es, etc.)&nbsp;<\/li>\n\n\n\n<li>Communication institutionnelle<\/li>\n\n\n\n<li>Gestion des services propos\u00e9s sur le site&nbsp;<\/li>\n\n\n\n<li>Mesures d\u2019audience et am\u00e9lioration du site&nbsp;<\/li>\n<\/ul>\n\n\n\n<p>Ces traitements reposent sur la base l\u00e9gale de l\u2019ex\u00e9cution d\u2019une mission d\u2019int\u00e9r\u00eat public, du respect de certaines obligations l\u00e9gales, ou du consentement de l\u2019utilisateur, selon le cas.&nbsp;<br>La Contemporaine utilise aussi <a href=\"https:\/\/fr.matomo.org\/get\/matomo-analytics-fr-2d\/\" target=\"_blank\" rel=\"noopener\">Matomo<\/a>, un service d\u2019analyse web qui d\u00e9pose des cookies analysant le volume et la source du trafic sur notre site. Les cookies Matomo permettent \u00e9galement d\u2019analyser de fa\u00e7on anonyme le comportement des visiteurs du site afin de mesurer et d\u2019am\u00e9liorer les performances du site et des campagnes de communication en ligne. Le recueil de votre consentement n\u2019est pas requis, car le logiciel d\u2019analyse d\u2019audience Matomo est configur\u00e9 selon <a href=\"https:\/\/www.cnil.fr\/fr\/cookies-et-autres-traceurs\/regles\/cookies-solutions-pour-les-outils-de-mesure-daudience\" target=\"_blank\" rel=\"noopener\">les recommandations de la CNIL<\/a> pour b\u00e9n\u00e9ficier de l\u2019exemption de consentement.&nbsp;&nbsp;&nbsp;<\/p>\n\n\n\n<h3 class=\"wp-block-heading\"><a href=\"https:\/\/fr.matomo.org\/faq\/faq_146\/\" target=\"_blank\" rel=\"noopener\">Plus d\u2019informations sur les cookies de Matomo<\/a><\/h3>\n\n\n\n<h3 class=\"wp-block-heading\"><a href=\"https:\/\/www.cnil.fr\/fr\/comment-ca-marche\" target=\"_blank\" rel=\"noopener\">Plus d\u2019information sur les cookies sur le site de la CNIL<\/a><\/h3>\n<\/div>\n\n\n\n<div class=\"wp-block-group is-vertical is-layout-flex wp-container-core-group-is-layout-8cf370e7 wp-block-group-is-layout-flex\">\n<h3 class=\"wp-block-heading\">Destinataires des donn\u00e9es :&nbsp;<\/h3>\n\n\n\n<div class=\"wp-block-group is-vertical is-layout-flex wp-container-core-group-is-layout-8cf370e7 wp-block-group-is-layout-flex\">\n<p>Vos donn\u00e9es peuvent \u00eatre transmises :&nbsp;<\/p>\n\n\n\n<ul class=\"wp-block-list\">\n<li>Au personnel habilit\u00e9 de la Contemporaine strictement dans le cadre de ses fonctions<\/li>\n\n\n\n<li>\u00c0 des prestataires techniques (h\u00e9bergeur, outils de formulaire ou d\u2019envoi de newsletters) \u00e9galement soumis \u00e0 des obligations strictes de confidentialit\u00e9 et de s\u00e9curit\u00e9&nbsp;<\/li>\n<\/ul>\n\n\n\n<p>Aucune information personnelle n\u2019est collect\u00e9e \u00e0 votre insu. Aucune information personnelle n\u2019est c\u00e9d\u00e9e \u00e0 des tiers. Aucune donn\u00e9e n\u2019est transf\u00e9r\u00e9e hors de l\u2019Union Europ\u00e9enne.<\/p>\n<\/div>\n<\/div>\n\n\n\n<div class=\"wp-block-group is-vertical is-layout-flex wp-container-core-group-is-layout-8cf370e7 wp-block-group-is-layout-flex\">\n<h3 class=\"wp-block-heading\">Vos droits :&nbsp;<\/h3>\n\n\n\n<div class=\"wp-block-group is-vertical is-layout-flex wp-container-core-group-is-layout-8cf370e7 wp-block-group-is-layout-flex\">\n<p>Conform\u00e9ment au R\u00e8glement g\u00e9n\u00e9ral sur la protection des donn\u00e9es (RGPD), vous disposez des droits suivants :&nbsp;<\/p>\n\n\n\n<ul class=\"wp-block-list\">\n<li>Droit d\u2019acc\u00e8s, de rectification, d\u2019effacement&nbsp;<\/li>\n\n\n\n<li>Droit \u00e0 la limitation du traitement<\/li>\n\n\n\n<li>Droit d\u2019opposition<\/li>\n\n\n\n<li>Droit \u00e0 la portabilit\u00e9, dans la limite de la faisabilit\u00e9 technique&nbsp;<\/li>\n\n\n\n<li>Droit de retrait de votre consentement (le cas \u00e9ch\u00e9ant)<\/li>\n<\/ul>\n\n\n\n<p>Les utilisateurs sont invit\u00e9s \u00e0 prendre contact avec la D\u00e9l\u00e9gu\u00e9e \u00e0 la protection des donn\u00e9es de l\u2019Universit\u00e9 Paris Nanterre, \u00e9tablissement principal de rattachement de la Contemporaine, pour toute question sur le traitement de leurs donn\u00e9es, et pour exercer leurs droits sur leurs donn\u00e9es personnelles.&nbsp;<br><strong>Contact<\/strong> : <a href=\"mailto:dpo@liste.parisnanterre.fr\">dpo@liste.parisnanterre.fr<\/a>&nbsp;<br>Vous disposez du droit de d\u00e9poser une r\u00e9clamation aupr\u00e8s de la Commission Nationale de l\u2019Informatique et des Libert\u00e9s (CNIL), si vos demandes n\u2019\u00e9taient pas satisfaites.<\/p>\n<\/div>\n<\/div>\n","protected":false},"excerpt":{"rendered":"<p>\u00c9diteur du site Ce site est \u00e9dit\u00e9 par la Contemporaine. Adresse :&nbsp;La Contemporaine \u2013 Biblioth\u00e8que, archives, mus\u00e9e des mondes contemporainsUniversit\u00e9 Paris Nanterre200 avenue de la R\u00e9publique92001 Nanterre Cedex \u2013 France T\u00e9l\u00e9phone : 01 40 97 79 00 Directeur de la publication : Xavier Sen\u00e9 Ce site est h\u00e9berg\u00e9 par : Advency \u2013 34 rue du [&hellip;]<\/p>\n","protected":false},"author":1,"featured_media":0,"parent":0,"menu_order":0,"comment_status":"closed","ping_status":"closed","template":"","meta":{"_acf_changed":false,"footnotes":""},"class_list":["post-115","page","type-page","status-publish","hentry"],"acf":[],"_links":{"self":[{"href":"https:\/\/www.lacontemporaine.fr\/fr\/wp-json\/wp\/v2\/pages\/115","targetHints":{"allow":["GET"]}}],"collection":[{"href":"https:\/\/www.lacontemporaine.fr\/fr\/wp-json\/wp\/v2\/pages"}],"about":[{"href":"https:\/\/www.lacontemporaine.fr\/fr\/wp-json\/wp\/v2\/types\/page"}],"author":[{"embeddable":true,"href":"https:\/\/www.lacontemporaine.fr\/fr\/wp-json\/wp\/v2\/users\/1"}],"replies":[{"embeddable":true,"href":"https:\/\/www.lacontemporaine.fr\/fr\/wp-json\/wp\/v2\/comments?post=115"}],"version-history":[{"count":22,"href":"https:\/\/www.lacontemporaine.fr\/fr\/wp-json\/wp\/v2\/pages\/115\/revisions"}],"predecessor-version":[{"id":2970,"href":"https:\/\/www.lacontemporaine.fr\/fr\/wp-json\/wp\/v2\/pages\/115\/revisions\/2970"}],"wp:attachment":[{"href":"https:\/\/www.lacontemporaine.fr\/fr\/wp-json\/wp\/v2\/media?parent=115"}],"curies":[{"name":"wp","href":"https:\/\/api.w.org\/{rel}","templated":true}]}}