{"id":112,"date":"2025-05-12T15:46:00","date_gmt":"2025-05-12T15:46:00","guid":{"rendered":"https:\/\/80--main--lacontemporaine--wsa.coder.advency.cloud\/?page_id=112"},"modified":"2026-04-29T09:09:11","modified_gmt":"2026-04-29T07:09:11","slug":"recrutement","status":"publish","type":"page","link":"https:\/\/www.lacontemporaine.fr\/fr\/recrutement\/","title":{"rendered":"Recrutement"},"content":{"rendered":"\n<p>Aucune offre en cours. <\/p>\n\n\n\n<p>Les candidatures spontan\u00e9es ne sont pas \u00e9tudi\u00e9es\u00a0mais nous vous invitons \u00e0 postuler aux\u00a0offres\u00a0r\u00e9guli\u00e8rement mises \u00e0 jour\u00a0sur cette page.<\/p>\n\n\n\n<p><\/p>\n","protected":false},"excerpt":{"rendered":"<p>Aucune offre en cours. Les candidatures spontan\u00e9es ne sont pas \u00e9tudi\u00e9es\u00a0mais nous vous invitons \u00e0 postuler aux\u00a0offres\u00a0r\u00e9guli\u00e8rement mises \u00e0 jour\u00a0sur cette page.<\/p>\n","protected":false},"author":1,"featured_media":0,"parent":0,"menu_order":0,"comment_status":"closed","ping_status":"closed","template":"","meta":{"_acf_changed":false,"footnotes":""},"class_list":["post-112","page","type-page","status-publish","hentry"],"acf":[],"_links":{"self":[{"href":"https:\/\/www.lacontemporaine.fr\/fr\/wp-json\/wp\/v2\/pages\/112","targetHints":{"allow":["GET"]}}],"collection":[{"href":"https:\/\/www.lacontemporaine.fr\/fr\/wp-json\/wp\/v2\/pages"}],"about":[{"href":"https:\/\/www.lacontemporaine.fr\/fr\/wp-json\/wp\/v2\/types\/page"}],"author":[{"embeddable":true,"href":"https:\/\/www.lacontemporaine.fr\/fr\/wp-json\/wp\/v2\/users\/1"}],"replies":[{"embeddable":true,"href":"https:\/\/www.lacontemporaine.fr\/fr\/wp-json\/wp\/v2\/comments?post=112"}],"version-history":[{"count":15,"href":"https:\/\/www.lacontemporaine.fr\/fr\/wp-json\/wp\/v2\/pages\/112\/revisions"}],"predecessor-version":[{"id":3124,"href":"https:\/\/www.lacontemporaine.fr\/fr\/wp-json\/wp\/v2\/pages\/112\/revisions\/3124"}],"wp:attachment":[{"href":"https:\/\/www.lacontemporaine.fr\/fr\/wp-json\/wp\/v2\/media?parent=112"}],"curies":[{"name":"wp","href":"https:\/\/api.w.org\/{rel}","templated":true}]}}