{"id":760,"date":"2025-07-18T12:22:59","date_gmt":"2025-07-18T10:22:59","guid":{"rendered":"https:\/\/www.lacontemporaine.fr\/?post_type=page-de-base&#038;p=760"},"modified":"2025-12-11T12:19:58","modified_gmt":"2025-12-11T11:19:58","slug":"partenariats-et-projets-de-recherche","status":"publish","type":"page","link":"https:\/\/www.lacontemporaine.fr\/en\/partenariats-et-projets-de-recherche\/","title":{"rendered":"Partenariats et projets de recherche"},"content":{"rendered":"<p>La Contemporaine d\u00e9tient des fonds de presse, d\u2019archives et des collections d\u2019images qui lui permettent de d\u00e9velopper des actions de recherche, en partenariat avec diff\u00e9rentes \u00e9quipes de recherche fran\u00e7aises et \u00e9trang\u00e8res. \u00c0 ce titre, elle a constitu\u00e9 une structure f\u00e9d\u00e9rative de recherche jusqu\u2019en 2009. En 2011, la Contemporaine s\u2019est dot\u00e9e d\u2019un <a href=\"\/en\/gouvernance\/\">conseil scientifique<\/a>, qui est consult\u00e9 sur les questions de politique documentaire, de recherche, de valorisation des collections et de coop\u00e9rations internationales.<\/p>\n\n\n\n<p>L&rsquo;\u00e9tablissement renforce d\u00e9sormais ses liens avec l&rsquo;universit\u00e9 Paris Nanterre et les laboratoires de recherche qui y sont implant\u00e9s, ainsi qu\u2019avec les universit\u00e9s co-contractantes (Paris 1, Paris 2, Paris 8).<\/p>\n\n\n\n<p>La Contemporaine est \u00e9galement actrice de la recherche. Elle est l\u2019un des centres porteurs du LabEx \u00ab\u00a0Les pass\u00e9s dans le pr\u00e9sent\u00a0\u00bb (ANR-11-LABX-0026-01) et participe \u00e0 divers projets (projets europ\u00e9ens comme le projet <a href=\"https:\/\/activate-horizon.eu\/\" target=\"_blank\" rel=\"noopener\">ACTIVATE<\/a>, ANR, etc.).<\/p>\n\n\n\n<p>La Contemporaine est \u00e9galement co-responsable, avec le Mus\u00e9um national d\u2019histoire naturelle, du programme national structurant \u00ab\u00a0Archives scientifiques et mat\u00e9riaux de la recherche\u00a0\u00bb du groupement d\u2019int\u00e9r\u00eat scientifique CollEx-Pers\u00e9e.<\/p>\n\n\n\n<p>En partenariat avec des centres de recherche, la Contemporaine organise <a href=\"\/en\/agenda\/\">des expositions, journ\u00e9es d&rsquo;\u00e9tude et colloques<\/a> autour de th\u00e9matiques qui interrogent la notion de source documentaire : d\u00e9veloppement et appropriation du num\u00e9rique, r\u00e9flexion autour de la constitution d&rsquo;archives orales, enjeux et \u00e9volutions des traces documentaires dans l\u2019espace public, etc.<\/p>\n\n\n\n<p>La Contemporaine <a href=\"\/en\/publications\/\">publie des actes de colloques, des guides des sources, des \u00e9tudes s&rsquo;appuyant sur les fonds de l&rsquo;institution, des catalogues d\u2019exposition ainsi que la revue <em>Mat\u00e9riaux pour l&rsquo;histoire de notre temps<\/em><\/a><em>.<\/em><\/p>\n\n\n\n<p>Pour rendre compte de l&rsquo;actualit\u00e9 de son activit\u00e9 scientifique et \u00e9ditoriale, la Contemporaine a ouvert en 2020 <a href=\"https:\/\/lcbam.hypotheses.org\/\" target=\"_blank\" rel=\"noopener\">un carnet de recherche<\/a>.<\/p>","protected":false},"excerpt":{"rendered":"<p>La Contemporaine d\u00e9tient des fonds de presse, d\u2019archives et des collections d\u2019images qui lui permettent de d\u00e9velopper des actions de recherche, en partenariat avec diff\u00e9rentes \u00e9quipes de recherche fran\u00e7aises et \u00e9trang\u00e8res. \u00c0 ce titre, elle a constitu\u00e9 une structure f\u00e9d\u00e9rative de recherche jusqu\u2019en 2009. En 2011, la Contemporaine s\u2019est dot\u00e9e d\u2019un conseil scientifique, qui est [&hellip;]<\/p>","protected":false},"author":4,"featured_media":0,"parent":0,"menu_order":0,"comment_status":"closed","ping_status":"closed","template":"","meta":{"_acf_changed":false,"footnotes":""},"class_list":["post-760","page","type-page","status-publish","hentry"],"acf":[],"_links":{"self":[{"href":"https:\/\/www.lacontemporaine.fr\/en\/wp-json\/wp\/v2\/pages\/760","targetHints":{"allow":["GET"]}}],"collection":[{"href":"https:\/\/www.lacontemporaine.fr\/en\/wp-json\/wp\/v2\/pages"}],"about":[{"href":"https:\/\/www.lacontemporaine.fr\/en\/wp-json\/wp\/v2\/types\/page"}],"author":[{"embeddable":true,"href":"https:\/\/www.lacontemporaine.fr\/en\/wp-json\/wp\/v2\/users\/4"}],"replies":[{"embeddable":true,"href":"https:\/\/www.lacontemporaine.fr\/en\/wp-json\/wp\/v2\/comments?post=760"}],"version-history":[{"count":3,"href":"https:\/\/www.lacontemporaine.fr\/en\/wp-json\/wp\/v2\/pages\/760\/revisions"}],"predecessor-version":[{"id":2468,"href":"https:\/\/www.lacontemporaine.fr\/en\/wp-json\/wp\/v2\/pages\/760\/revisions\/2468"}],"wp:attachment":[{"href":"https:\/\/www.lacontemporaine.fr\/en\/wp-json\/wp\/v2\/media?parent=760"}],"curies":[{"name":"wp","href":"https:\/\/api.w.org\/{rel}","templated":true}]}}