{"id":754,"date":"2025-07-18T12:15:35","date_gmt":"2025-07-18T10:15:35","guid":{"rendered":"https:\/\/www.lacontemporaine.fr\/?post_type=page-de-base&#038;p=754"},"modified":"2026-02-16T17:16:01","modified_gmt":"2026-02-16T16:16:01","slug":"enseignement-superieur","status":"publish","type":"page","link":"https:\/\/www.lacontemporaine.fr\/en\/enseignement-superieur\/","title":{"rendered":"Enseignement sup\u00e9rieur"},"content":{"rendered":"<div class=\"wp-block-group\"><div class=\"wp-block-group__inner-container is-layout-constrained wp-block-group-is-layout-constrained\">\n<p><strong>La Contemporaine propose des s\u00e9ances de formation \u00e0 destination des \u00e9tudiants, de la licence au doctorat.&nbsp;<\/strong><\/p>\n\n\n\n<p>Les s\u00e9ances de formation sont anim\u00e9es par les biblioth\u00e9caires et archivistes de la Contemporaine. Elles peuvent \u00eatre co-construites avec les enseignants demandeurs.&nbsp;<\/p>\n\n\n\n<p>La Contemporaine s\u2019engage \u00e9galement dans l\u2019accompagnement de projets \u00e9tudiants tutor\u00e9s et assure des enseignements inscrits dans des parcours de licence.<\/p>\n<\/div><\/div>\n\n\n\n<h3 class=\"wp-block-heading\"><strong>Pr\u00e9sentation de la Contemporaine et de ses collections<\/strong><\/h3>\n\n\n\n<p>Une visite guid\u00e9e du parcours d\u2019exposition permanente de la Contemporaine, l\u2019Atelier de l\u2019histoire, permet de d\u00e9couvrir l\u2019histoire et les collections de l\u2019institution, et d\u2019interroger la relation \u00e0 l\u2019histoire contemporaine et \u00e0 ses sources. Les visites sont propos\u00e9es pour des groupes de trente personnes maximum. Des s\u00e9ances sous la forme de cours magistraux peuvent aussi \u00eatre propos\u00e9es en cas d&rsquo;effectifs trop importants.<\/p>\n\n\n\n<h3 class=\"wp-block-heading\"><strong>Recherche documentaire et analyse des sources<\/strong><\/h3>\n\n\n\n<p>Au cours d\u2019une s\u00e9ance de deux heures, les \u00e9tudiants abordent les sujets suivants :<strong>&nbsp;<\/strong><\/p>\n\n\n\n<ul class=\"wp-block-list\">\n<li>formation \u00e0 la recherche documentaire dans les catalogues sp\u00e9cialis\u00e9s (en particulier <a href=\"https:\/\/calames.abes.fr\/pub\/\" target=\"_blank\" rel=\"noopener\">Calames, catalogue en ligne des archives et manuscrits de l\u2019enseignement sup\u00e9rieur<\/a>) ;<\/li>\n\n\n\n<li>d\u00e9couverte de la collecte et du traitement des archives et des collections mus\u00e9ales dans un \u00e9tablissement patrimonial ;<\/li>\n\n\n\n<li>initiation \u00e0 la manipulation et \u00e0 l\u2019analyse de sources \u00e0 partir de fonds particuliers, d\u2019une typologie de sources (la presse, l\u2019affiche, la photographie, l\u2019archive \u00e9crite, l\u2019archive audiovisuelle, l\u2019objet\u2026) ou de corpus th\u00e9matiques (guerres et sorties de guerres, exils et migrations, empires coloniaux et d\u00e9colonisations, mobilisations citoyennes et droits de l\u2019homme, histoire des relations internationales).<\/li>\n<\/ul>\n\n\n\n<h3 class=\"wp-block-heading\"><strong>Visite guid\u00e9e de l\u2019exposition temporaire de la Contemporaine<\/strong><\/h3>\n\n\n\n<p>Une visite guid\u00e9e des expositions temporaires permet d\u2019approfondir les connaissances des \u00e9tudiants sur une th\u00e9matique particuli\u00e8re \u00e0 travers les collections de la Contemporaine.<\/p>\n\n\n\n<h3 class=\"wp-block-heading\"><strong>Parcours inscrits dans l\u2019offre de formation de l\u2019Universit\u00e9 Paris Nanterre<\/strong><\/h3>\n\n\n\n<p>Cours de 3e ann\u00e9e de licence \u201cRessources de la Contemporaine : Recherche documentaire\u201d \u00e0 destination des \u00e9tudiants de la licence Langues, litt\u00e9ratures et civilisations \u00e9trang\u00e8res et r\u00e9gionales (LLCER).<br>Cours de 3e ann\u00e9e de licence \u201cConduite de projet culturel \/ patrimoine avec la Contemporaine\u201d \u00e0 destination des \u00e9tudiants de la double licence Histoire &#8211; Histoire de l&rsquo;art et arch\u00e9ologie.<\/p>\n\n\n\n<div class=\"wp-block-group featured_bloc bloc_mis_en_avant\"><div class=\"wp-block-group__inner-container is-layout-constrained wp-block-group-is-layout-constrained\">\n<h2 class=\"wp-block-heading\">Informations pratiques<\/h2>\n\n\n\n<p>Les formations et visites guid\u00e9es ont lieu du lundi au vendredi pour des groupes jusqu\u2019\u00e0 trente personnes.<br>La visite libre des espaces d\u2019exposition par les enseignants et leurs \u00e9tudiants est \u00e9galement possible sur r\u00e9servation du mardi au vendredi de 13h \u00e0 19h.<\/p>\n\n\n<style>.kt-accordion-id754_2f794b-36 .kt-accordion-inner-wrap{column-gap:var(--global-kb-gap-md, 2rem);row-gap:10px;}.kt-accordion-id754_2f794b-36 .kt-accordion-panel-inner{border-top:0px solid transparent;border-right:1px solid transparent;border-bottom:1px solid transparent;border-left:1px solid transparent;background:#ffffff;padding-top:var(--global-kb-spacing-sm, 1.5rem);padding-right:var(--global-kb-spacing-sm, 1.5rem);padding-bottom:var(--global-kb-spacing-sm, 1.5rem);padding-left:var(--global-kb-spacing-sm, 1.5rem);}.kt-accordion-id754_2f794b-36 > .kt-accordion-inner-wrap > .wp-block-kadence-pane > .kt-accordion-header-wrap > .kt-blocks-accordion-header{border-top:1px solid #eeeeee;border-right:1px solid #eeeeee;border-bottom:1px solid #eeeeee;border-left:2px solid #eeeeee;border-top-left-radius:0px;border-top-right-radius:0px;border-bottom-right-radius:0px;border-bottom-left-radius:0px;background:#ffffff;color:#444444;padding-top:14px;padding-right:16px;padding-bottom:14px;padding-left:16px;}.kt-accordion-id754_2f794b-36:not( .kt-accodion-icon-style-basiccircle ):not( .kt-accodion-icon-style-xclosecircle ):not( .kt-accodion-icon-style-arrowcircle )  > .kt-accordion-inner-wrap > .wp-block-kadence-pane > .kt-accordion-header-wrap .kt-blocks-accordion-icon-trigger:after, .kt-accordion-id754_2f794b-36:not( .kt-accodion-icon-style-basiccircle ):not( .kt-accodion-icon-style-xclosecircle ):not( .kt-accodion-icon-style-arrowcircle )  > .kt-accordion-inner-wrap > .wp-block-kadence-pane > .kt-accordion-header-wrap .kt-blocks-accordion-icon-trigger:before{background:#444444;}.kt-accordion-id754_2f794b-36:not( .kt-accodion-icon-style-basic ):not( .kt-accodion-icon-style-xclose ):not( .kt-accodion-icon-style-arrow ) .kt-blocks-accordion-icon-trigger{background:#444444;}.kt-accordion-id754_2f794b-36:not( .kt-accodion-icon-style-basic ):not( .kt-accodion-icon-style-xclose ):not( .kt-accodion-icon-style-arrow ) .kt-blocks-accordion-icon-trigger:after, .kt-accordion-id754_2f794b-36:not( .kt-accodion-icon-style-basic ):not( .kt-accodion-icon-style-xclose ):not( .kt-accodion-icon-style-arrow ) .kt-blocks-accordion-icon-trigger:before{background:#ffffff;}.kt-accordion-id754_2f794b-36 > .kt-accordion-inner-wrap > .wp-block-kadence-pane > .kt-accordion-header-wrap > .kt-blocks-accordion-header:hover, \n\t\t\t\tbody:not(.hide-focus-outline) .kt-accordion-id754_2f794b-36 .kt-blocks-accordion-header:focus-visible{color:#444444;background:#ffffff;border-top-color:#d4d4d4;border-top-style:solid;border-right-color:#d4d4d4;border-right-style:solid;border-bottom-color:#d4d4d4;border-bottom-style:solid;border-left-color:#d4d4d4;border-left-style:solid;}.kt-accordion-id754_2f794b-36:not( .kt-accodion-icon-style-basiccircle ):not( .kt-accodion-icon-style-xclosecircle ):not( .kt-accodion-icon-style-arrowcircle ) .kt-accordion-header-wrap .kt-blocks-accordion-header:hover .kt-blocks-accordion-icon-trigger:after, .kt-accordion-id754_2f794b-36:not( .kt-accodion-icon-style-basiccircle ):not( .kt-accodion-icon-style-xclosecircle ):not( .kt-accodion-icon-style-arrowcircle ) .kt-accordion-header-wrap .kt-blocks-accordion-header:hover .kt-blocks-accordion-icon-trigger:before, body:not(.hide-focus-outline) .kt-accordion-id754_2f794b-36:not( .kt-accodion-icon-style-basiccircle ):not( .kt-accodion-icon-style-xclosecircle ):not( .kt-accodion-icon-style-arrowcircle ) .kt-blocks-accordion--visible .kt-blocks-accordion-icon-trigger:after, body:not(.hide-focus-outline) .kt-accordion-id754_2f794b-36:not( .kt-accodion-icon-style-basiccircle ):not( .kt-accodion-icon-style-xclosecircle ):not( .kt-accodion-icon-style-arrowcircle ) .kt-blocks-accordion-header:focus-visible .kt-blocks-accordion-icon-trigger:before{background:#444444;}.kt-accordion-id754_2f794b-36:not( .kt-accodion-icon-style-basic ):not( .kt-accodion-icon-style-xclose ):not( .kt-accodion-icon-style-arrow ) .kt-accordion-header-wrap .kt-blocks-accordion-header:hover .kt-blocks-accordion-icon-trigger, body:not(.hide-focus-outline) .kt-accordion-id754_2f794b-36:not( .kt-accodion-icon-style-basic ):not( .kt-accodion-icon-style-xclose ):not( .kt-accodion-icon-style-arrow ) .kt-accordion-header-wrap .kt-blocks-accordion-header:focus-visible .kt-blocks-accordion-icon-trigger{background:#444444;}.kt-accordion-id754_2f794b-36:not( .kt-accodion-icon-style-basic ):not( .kt-accodion-icon-style-xclose ):not( .kt-accodion-icon-style-arrow ) .kt-accordion-header-wrap .kt-blocks-accordion-header:hover .kt-blocks-accordion-icon-trigger:after, .kt-accordion-id754_2f794b-36:not( .kt-accodion-icon-style-basic ):not( .kt-accodion-icon-style-xclose ):not( .kt-accodion-icon-style-arrow ) .kt-accordion-header-wrap .kt-blocks-accordion-header:hover .kt-blocks-accordion-icon-trigger:before, body:not(.hide-focus-outline) .kt-accordion-id754_2f794b-36:not( .kt-accodion-icon-style-basic ):not( .kt-accodion-icon-style-xclose ):not( .kt-accodion-icon-style-arrow ) .kt-accordion-header-wrap .kt-blocks-accordion-header:focus-visible .kt-blocks-accordion-icon-trigger:after, body:not(.hide-focus-outline) .kt-accordion-id754_2f794b-36:not( .kt-accodion-icon-style-basic ):not( .kt-accodion-icon-style-xclose ):not( .kt-accodion-icon-style-arrow ) .kt-accordion-header-wrap .kt-blocks-accordion-header:focus-visible .kt-blocks-accordion-icon-trigger:before{background:#ffffff;}.kt-accordion-id754_2f794b-36 .kt-accordion-header-wrap .kt-blocks-accordion-header:focus-visible,\n\t\t\t\t.kt-accordion-id754_2f794b-36 > .kt-accordion-inner-wrap > .wp-block-kadence-pane > .kt-accordion-header-wrap > .kt-blocks-accordion-header.kt-accordion-panel-active{color:#444444;background:#ffffff;border-top-color:#eeeeee;border-top-style:solid;border-right-color:#eeeeee;border-right-style:solid;border-bottom-color:#eeeeee;border-bottom-style:solid;border-left-color:#0e9cd1;border-left-style:solid;}.kt-accordion-id754_2f794b-36:not( .kt-accodion-icon-style-basiccircle ):not( .kt-accodion-icon-style-xclosecircle ):not( .kt-accodion-icon-style-arrowcircle )  > .kt-accordion-inner-wrap > .wp-block-kadence-pane > .kt-accordion-header-wrap > .kt-blocks-accordion-header.kt-accordion-panel-active .kt-blocks-accordion-icon-trigger:after, .kt-accordion-id754_2f794b-36:not( .kt-accodion-icon-style-basiccircle ):not( .kt-accodion-icon-style-xclosecircle ):not( .kt-accodion-icon-style-arrowcircle )  > .kt-accordion-inner-wrap > .wp-block-kadence-pane > .kt-accordion-header-wrap > .kt-blocks-accordion-header.kt-accordion-panel-active .kt-blocks-accordion-icon-trigger:before{background:#444444;}.kt-accordion-id754_2f794b-36:not( .kt-accodion-icon-style-basic ):not( .kt-accodion-icon-style-xclose ):not( .kt-accodion-icon-style-arrow ) .kt-blocks-accordion-header.kt-accordion-panel-active .kt-blocks-accordion-icon-trigger{background:#444444;}.kt-accordion-id754_2f794b-36:not( .kt-accodion-icon-style-basic ):not( .kt-accodion-icon-style-xclose ):not( .kt-accodion-icon-style-arrow ) .kt-blocks-accordion-header.kt-accordion-panel-active .kt-blocks-accordion-icon-trigger:after, .kt-accordion-id754_2f794b-36:not( .kt-accodion-icon-style-basic ):not( .kt-accodion-icon-style-xclose ):not( .kt-accodion-icon-style-arrow ) .kt-blocks-accordion-header.kt-accordion-panel-active .kt-blocks-accordion-icon-trigger:before{background:#ffffff;}@media all and (max-width: 1024px){.kt-accordion-id754_2f794b-36 .kt-accordion-panel-inner{border-top:0px solid transparent;border-right:1px solid transparent;border-bottom:1px solid transparent;border-left:1px solid transparent;}}@media all and (max-width: 1024px){.kt-accordion-id754_2f794b-36 > .kt-accordion-inner-wrap > .wp-block-kadence-pane > .kt-accordion-header-wrap > .kt-blocks-accordion-header{border-top:1px solid #eeeeee;border-right:1px solid #eeeeee;border-bottom:1px solid #eeeeee;border-left:2px solid #eeeeee;}}@media all and (max-width: 1024px){.kt-accordion-id754_2f794b-36 > .kt-accordion-inner-wrap > .wp-block-kadence-pane > .kt-accordion-header-wrap > .kt-blocks-accordion-header:hover, \n\t\t\t\tbody:not(.hide-focus-outline) .kt-accordion-id754_2f794b-36 .kt-blocks-accordion-header:focus-visible{border-top-color:#d4d4d4;border-top-style:solid;border-right-color:#d4d4d4;border-right-style:solid;border-bottom-color:#d4d4d4;border-bottom-style:solid;border-left-color:#d4d4d4;border-left-style:solid;}}@media all and (max-width: 1024px){.kt-accordion-id754_2f794b-36 .kt-accordion-header-wrap .kt-blocks-accordion-header:focus-visible,\n\t\t\t\t.kt-accordion-id754_2f794b-36 > .kt-accordion-inner-wrap > .wp-block-kadence-pane > .kt-accordion-header-wrap > .kt-blocks-accordion-header.kt-accordion-panel-active{border-top-color:#eeeeee;border-top-style:solid;border-right-color:#eeeeee;border-right-style:solid;border-bottom-color:#eeeeee;border-bottom-style:solid;border-left-color:#0e9cd1;border-left-style:solid;}}@media all and (max-width: 767px){.kt-accordion-id754_2f794b-36 .kt-accordion-inner-wrap{display:block;}.kt-accordion-id754_2f794b-36 .kt-accordion-inner-wrap .kt-accordion-pane:not(:first-child){margin-top:10px;}.kt-accordion-id754_2f794b-36 .kt-accordion-panel-inner{border-top:0px solid transparent;border-right:1px solid transparent;border-bottom:1px solid transparent;border-left:1px solid transparent;}.kt-accordion-id754_2f794b-36 > .kt-accordion-inner-wrap > .wp-block-kadence-pane > .kt-accordion-header-wrap > .kt-blocks-accordion-header{border-top:1px solid #eeeeee;border-right:1px solid #eeeeee;border-bottom:1px solid #eeeeee;border-left:2px solid #eeeeee;}.kt-accordion-id754_2f794b-36 > .kt-accordion-inner-wrap > .wp-block-kadence-pane > .kt-accordion-header-wrap > .kt-blocks-accordion-header:hover, \n\t\t\t\tbody:not(.hide-focus-outline) .kt-accordion-id754_2f794b-36 .kt-blocks-accordion-header:focus-visible{border-top-color:#d4d4d4;border-top-style:solid;border-right-color:#d4d4d4;border-right-style:solid;border-bottom-color:#d4d4d4;border-bottom-style:solid;border-left-color:#d4d4d4;border-left-style:solid;}.kt-accordion-id754_2f794b-36 .kt-accordion-header-wrap .kt-blocks-accordion-header:focus-visible,\n\t\t\t\t.kt-accordion-id754_2f794b-36 > .kt-accordion-inner-wrap > .wp-block-kadence-pane > .kt-accordion-header-wrap > .kt-blocks-accordion-header.kt-accordion-panel-active{border-top-color:#eeeeee;border-top-style:solid;border-right-color:#eeeeee;border-right-style:solid;border-bottom-color:#eeeeee;border-bottom-style:solid;border-left-color:#0e9cd1;border-left-style:solid;}}<\/style>\n<div class=\"wp-block-kadence-accordion alignnone\"><div class=\"kt-accordion-wrap kt-accordion-id754_2f794b-36 kt-accordion-has-2-panes kt-active-pane-0 kt-accordion-block kt-pane-header-alignment-left kt-accodion-icon-style-arrow kt-accodion-icon-side-right\" style=\"max-width:none\"><div class=\"kt-accordion-inner-wrap\" data-allow-multiple-open=\"false\" data-start-open=\"none\">\n<div class=\"wp-block-kadence-pane kt-accordion-pane kt-accordion-pane-1 kt-pane754_9066fd-42\"><div class=\"kt-accordion-header-wrap\"><button class=\"kt-blocks-accordion-header kt-acccordion-button-label-show\" type=\"button\"><span class=\"kt-blocks-accordion-title-wrap\"><span class=\"kt-blocks-accordion-title\">Contacter l&rsquo;\u00e9quipe de la formation<\/span><\/span><span class=\"kt-blocks-accordion-icon-trigger\"><\/span><\/button><\/div><div class=\"kt-accordion-panel kt-accordion-panel-hidden\"><div class=\"kt-accordion-panel-inner\">\n<script src=\"https:\/\/lacontemporaine.libanswers.com\/1.0\/widgets\/8803\"><\/script>\n<div id=\"s-la-widget-8803\"><\/div>\n\n\n\n<p>Si le formulaire ne s&rsquo;affiche pas, vous pouvez : <\/p>\n\n\n\n<ul class=\"wp-block-list\">\n<li> Accepter les cookies li\u00e9s au service \u00ab\u00a0Support\u00a0\u00bb en cliquant sur l&rsquo;ic\u00f4ne en forme de citron en bas \u00e0 droite de votre \u00e9cran ;<\/li>\n\n\n\n<li><a href=\"https:\/\/lacontemporaine.libanswers.com\/widget_standalone.php?la_widget_id=8803\" data-type=\"link\" data-id=\"https:\/\/lacontemporaine.libanswers.com\/widget_standalone.php?la_widget_id=8803\" target=\"_blank\" rel=\"noopener\">Vous rendre directement sur le formulaire<\/a>.<\/li>\n<\/ul>\n<\/div><\/div><\/div>\n<\/div><\/div><\/div>\n<\/div><\/div>\n\n\n\n<p><\/p>","protected":false},"excerpt":{"rendered":"<p>La Contemporaine propose des s\u00e9ances de formation \u00e0 destination des \u00e9tudiants, de la licence au doctorat.&nbsp; Les s\u00e9ances de formation sont anim\u00e9es par les biblioth\u00e9caires et archivistes de la Contemporaine. Elles peuvent \u00eatre co-construites avec les enseignants demandeurs.&nbsp; La Contemporaine s\u2019engage \u00e9galement dans l\u2019accompagnement de projets \u00e9tudiants tutor\u00e9s et assure des enseignements inscrits dans des [&hellip;]<\/p>","protected":false},"author":4,"featured_media":0,"parent":0,"menu_order":0,"comment_status":"closed","ping_status":"closed","template":"","meta":{"_acf_changed":false,"footnotes":""},"class_list":["post-754","page","type-page","status-publish","hentry"],"acf":[],"_links":{"self":[{"href":"https:\/\/www.lacontemporaine.fr\/en\/wp-json\/wp\/v2\/pages\/754","targetHints":{"allow":["GET"]}}],"collection":[{"href":"https:\/\/www.lacontemporaine.fr\/en\/wp-json\/wp\/v2\/pages"}],"about":[{"href":"https:\/\/www.lacontemporaine.fr\/en\/wp-json\/wp\/v2\/types\/page"}],"author":[{"embeddable":true,"href":"https:\/\/www.lacontemporaine.fr\/en\/wp-json\/wp\/v2\/users\/4"}],"replies":[{"embeddable":true,"href":"https:\/\/www.lacontemporaine.fr\/en\/wp-json\/wp\/v2\/comments?post=754"}],"version-history":[{"count":6,"href":"https:\/\/www.lacontemporaine.fr\/en\/wp-json\/wp\/v2\/pages\/754\/revisions"}],"predecessor-version":[{"id":2821,"href":"https:\/\/www.lacontemporaine.fr\/en\/wp-json\/wp\/v2\/pages\/754\/revisions\/2821"}],"wp:attachment":[{"href":"https:\/\/www.lacontemporaine.fr\/en\/wp-json\/wp\/v2\/media?parent=754"}],"curies":[{"name":"wp","href":"https:\/\/api.w.org\/{rel}","templated":true}]}}