{"id":2009,"date":"2025-10-17T09:18:25","date_gmt":"2025-10-17T07:18:25","guid":{"rendered":"https:\/\/www.lacontemporaine.fr\/?post_type=page-de-base&#038;p=2009"},"modified":"2026-04-23T10:19:41","modified_gmt":"2026-04-23T08:19:41","slug":"expositions-passees","status":"publish","type":"page","link":"https:\/\/www.lacontemporaine.fr\/en\/expositions-passees\/","title":{"rendered":"Expositions pass\u00e9es"},"content":{"rendered":"<h4 class=\"wp-block-heading has-text-align-center\"><\/h4>\n\n\n\n<div class=\"wp-block-group\"><div class=\"wp-block-group__inner-container is-layout-constrained wp-block-group-is-layout-constrained\">\n<div class=\"wp-block-columns is-layout-flex wp-container-core-columns-is-layout-9d6595d7 wp-block-columns-is-layout-flex\">\n<div class=\"wp-block-column is-layout-flow wp-block-column-is-layout-flow\">\n<h3 class=\"wp-block-heading\"><a href=\"https:\/\/www.lacontemporaine.fr\/en\/agenda\/couper-coller-imprimer-le-photomontage-politique-au-xxe-siecle\/\">Couper, coller, imprimer, le photomontage politique au XX<sup>e<\/sup> si\u00e8cle<\/a><\/h3>\n\n\n\n<h4 class=\"wp-block-heading\">Du 19 novembre 2025 au 14 mars 2026<\/h4>\n\n\n\n<p>L\u2019exposition pr\u00e9sente un panorama international de cette technique graphique et de ses usages militants, de la premi\u00e8re guerre mondiale \u00e0 l\u2019av\u00e8nement des outils de conception num\u00e9rique.<\/p>\n\n\n\n<figure class=\"wp-block-image size-large\"><img loading=\"lazy\" decoding=\"async\" width=\"724\" height=\"1024\" src=\"https:\/\/www.lacontemporaine.fr\/wp-content\/uploads\/2025\/10\/COUPER_AFFICHE_210x297-724x1024.jpg\" alt=\"Affiche de l'exposition Couper, coller, imprimer. En haut, le titre est devant des bandes de couleurs. En bas, un photomontage d'une foule.\" class=\"wp-image-2487\" srcset=\"https:\/\/www.lacontemporaine.fr\/wp-content\/uploads\/2025\/10\/COUPER_AFFICHE_210x297-724x1024.jpg 724w, https:\/\/www.lacontemporaine.fr\/wp-content\/uploads\/2025\/10\/COUPER_AFFICHE_210x297-212x300.jpg 212w, https:\/\/www.lacontemporaine.fr\/wp-content\/uploads\/2025\/10\/COUPER_AFFICHE_210x297-768x1086.jpg 768w, https:\/\/www.lacontemporaine.fr\/wp-content\/uploads\/2025\/10\/COUPER_AFFICHE_210x297-1086x1536.jpg 1086w, https:\/\/www.lacontemporaine.fr\/wp-content\/uploads\/2025\/10\/COUPER_AFFICHE_210x297-1448x2048.jpg 1448w, https:\/\/www.lacontemporaine.fr\/wp-content\/uploads\/2025\/10\/COUPER_AFFICHE_210x297-8x12.jpg 8w, https:\/\/www.lacontemporaine.fr\/wp-content\/uploads\/2025\/10\/COUPER_AFFICHE_210x297-300x424.jpg 300w, https:\/\/www.lacontemporaine.fr\/wp-content\/uploads\/2025\/10\/COUPER_AFFICHE_210x297-scaled.jpg 1810w\" sizes=\"auto, (max-width: 724px) 100vw, 724px\" \/><\/figure>\n<\/div>\n\n\n\n<div class=\"wp-block-column is-layout-flow wp-block-column-is-layout-flow\">\n<h3 class=\"wp-block-heading\"><a href=\"\/en\/agenda\/enfants-en-guerre-guerre-a-lenfance-de-1914-a-nos-jours\/\" data-type=\"post\" data-id=\"1538\">Enfants en guerre, guerre \u00e0 l\u2019enfance ? De 1914 \u00e0 nos jours<\/a><\/h3>\n\n\n\n<h4 class=\"wp-block-heading\">Du 20 novembre 2024 au 15 mars 2025<\/h4>\n\n\n\n<p>L&rsquo;exposition interroge les exp\u00e9riences de guerre enfantines du d\u00e9but du XXe si\u00e8cle jusqu\u2019\u00e0 nos jours, \u00e0 partir de trois cents pi\u00e8ces issues des collections de la Contemporaine et de collections fran\u00e7aises et \u00e9trang\u00e8res.<\/p>\n\n\n\n<figure class=\"wp-block-image size-large\"><img loading=\"lazy\" decoding=\"async\" width=\"2560\" height=\"2560\" src=\"https:\/\/www.lacontemporaine.fr\/wp-content\/uploads\/2025\/10\/EnfantsEnGuerre_affiche_A3_2-edited-scaled.jpg\" alt=\"\" class=\"wp-image-2017\" srcset=\"https:\/\/www.lacontemporaine.fr\/wp-content\/uploads\/2025\/10\/EnfantsEnGuerre_affiche_A3_2-edited-scaled.jpg 2560w, https:\/\/www.lacontemporaine.fr\/wp-content\/uploads\/2025\/10\/EnfantsEnGuerre_affiche_A3_2-edited-300x300.jpg 300w, https:\/\/www.lacontemporaine.fr\/wp-content\/uploads\/2025\/10\/EnfantsEnGuerre_affiche_A3_2-edited-1024x1024.jpg 1024w, https:\/\/www.lacontemporaine.fr\/wp-content\/uploads\/2025\/10\/EnfantsEnGuerre_affiche_A3_2-edited-150x150.jpg 150w, https:\/\/www.lacontemporaine.fr\/wp-content\/uploads\/2025\/10\/EnfantsEnGuerre_affiche_A3_2-edited-768x768.jpg 768w, https:\/\/www.lacontemporaine.fr\/wp-content\/uploads\/2025\/10\/EnfantsEnGuerre_affiche_A3_2-edited-1536x1536.jpg 1536w, https:\/\/www.lacontemporaine.fr\/wp-content\/uploads\/2025\/10\/EnfantsEnGuerre_affiche_A3_2-edited-2048x2048.jpg 2048w, https:\/\/www.lacontemporaine.fr\/wp-content\/uploads\/2025\/10\/EnfantsEnGuerre_affiche_A3_2-edited-12x12.jpg 12w, https:\/\/www.lacontemporaine.fr\/wp-content\/uploads\/2025\/10\/EnfantsEnGuerre_affiche_A3_2-edited-100x100.jpg 100w\" sizes=\"auto, (max-width: 2560px) 100vw, 2560px\" \/><\/figure>\n<\/div>\n\n\n\n<div class=\"wp-block-column is-layout-flow wp-block-column-is-layout-flow\">\n<h3 class=\"wp-block-heading\"><a href=\"\/en\/agenda\/ripostes-archives-de-luttes-et-daction-1970-1974\/\">Ripostes ! Archives de luttes et d\u2019action, 1970-1974<\/a><\/h3>\n\n\n\n<h4 class=\"wp-block-heading\">Du 15 novembre 2023 au 16 mars 2024<\/h4>\n\n\n\n<p>L&rsquo;exposition questionne le rapport des organisations d\u2019extr\u00eame-gauche \u00e0 l\u2019ill\u00e9galisme et \u00e0 la violence, symbolique ou r\u00e9elle, dans un contexte de raidissement de l\u2019\u00c9tat.<\/p>\n\n\n\n<figure class=\"wp-block-image size-full\"><img loading=\"lazy\" decoding=\"async\" width=\"595\" height=\"595\" src=\"https:\/\/www.lacontemporaine.fr\/wp-content\/uploads\/2025\/10\/00_ripostes_A4_lowqual72-edited.jpg\" alt=\"\" class=\"wp-image-2018\" srcset=\"https:\/\/www.lacontemporaine.fr\/wp-content\/uploads\/2025\/10\/00_ripostes_A4_lowqual72-edited.jpg 595w, https:\/\/www.lacontemporaine.fr\/wp-content\/uploads\/2025\/10\/00_ripostes_A4_lowqual72-edited-300x300.jpg 300w, https:\/\/www.lacontemporaine.fr\/wp-content\/uploads\/2025\/10\/00_ripostes_A4_lowqual72-edited-150x150.jpg 150w, https:\/\/www.lacontemporaine.fr\/wp-content\/uploads\/2025\/10\/00_ripostes_A4_lowqual72-edited-12x12.jpg 12w, https:\/\/www.lacontemporaine.fr\/wp-content\/uploads\/2025\/10\/00_ripostes_A4_lowqual72-edited-100x100.jpg 100w\" sizes=\"auto, (max-width: 595px) 100vw, 595px\" \/><\/figure>\n<\/div>\n<\/div>\n<\/div><\/div>\n\n\n\n<div class=\"wp-block-group section_vignettes\"><div class=\"wp-block-group__inner-container is-layout-constrained wp-block-group-is-layout-constrained\">\n<div class=\"wp-block-columns is-layout-flex wp-container-core-columns-is-layout-9d6595d7 wp-block-columns-is-layout-flex\">\n<div class=\"wp-block-column section_vignettes__inner_column is-layout-flow wp-block-column-is-layout-flow\">\n<h3 class=\"wp-block-heading\"><a href=\"\/en\/agenda\/a-laffiche-claude-baillargeon\/\">\u00c0 l\u2019affiche, Claude Baillargeon<\/a><\/h3>\n\n\n\n<h4 class=\"wp-block-heading\">Du 16 novembre 2022 au 11 mars 2023<\/h4>\n\n\n\n<p>L\u2019exposition a le double objectif de mettre \u00e0 l\u2019honneur l\u2019affiche politique et culturelle, et de rendre hommage \u00e0 un graphiste ind\u00e9pendant, Claude Baillargeon, qui en a fait son support de pr\u00e9dilection.<\/p>\n\n\n\n<figure class=\"wp-block-image size-full\"><img loading=\"lazy\" decoding=\"async\" width=\"750\" height=\"750\" src=\"https:\/\/www.lacontemporaine.fr\/wp-content\/uploads\/2025\/10\/baillargeon_affiche_60x80_07102022_page-0001-edited.jpg\" alt=\"\" class=\"wp-image-2020\" srcset=\"https:\/\/www.lacontemporaine.fr\/wp-content\/uploads\/2025\/10\/baillargeon_affiche_60x80_07102022_page-0001-edited.jpg 750w, https:\/\/www.lacontemporaine.fr\/wp-content\/uploads\/2025\/10\/baillargeon_affiche_60x80_07102022_page-0001-edited-300x300.jpg 300w, https:\/\/www.lacontemporaine.fr\/wp-content\/uploads\/2025\/10\/baillargeon_affiche_60x80_07102022_page-0001-edited-150x150.jpg 150w, https:\/\/www.lacontemporaine.fr\/wp-content\/uploads\/2025\/10\/baillargeon_affiche_60x80_07102022_page-0001-edited-12x12.jpg 12w, https:\/\/www.lacontemporaine.fr\/wp-content\/uploads\/2025\/10\/baillargeon_affiche_60x80_07102022_page-0001-edited-100x100.jpg 100w\" sizes=\"auto, (max-width: 750px) 100vw, 750px\" \/><\/figure>\n<\/div>\n\n\n\n<div class=\"wp-block-column section_vignettes__inner_column is-layout-flow wp-block-column-is-layout-flow\">\n<h3 class=\"wp-block-heading\"><a href=\"\/en\/agenda\/elie-kagan-photographe-independant-1960-1990\/\" data-type=\"post\" data-id=\"1538\">\u00c9lie Kagan, photographe ind\u00e9pendant (1960-1990)<\/a><\/h3>\n\n\n\n<h4 class=\"wp-block-heading\">Du 19 janvier 2022 au 7 mai 2022<\/h4>\n\n\n\n<p>C\u2019est \u00e0 \u00c9lie Kagan, photographe engag\u00e9 et formidable archiviste de son \u00e9poque, que la Contemporaine consacre son exposition inaugurale dans le b\u00e2timent con\u00e7u par l\u2019atelier Bruno Gaudin sur le campus de l\u2019Universit\u00e9 Paris Nanterre.<\/p>\n\n\n\n<div class=\"wp-block-columns is-layout-flex wp-container-core-columns-is-layout-9d6595d7 wp-block-columns-is-layout-flex\">\n<div class=\"wp-block-column is-layout-flow wp-block-column-is-layout-flow\"><\/div>\n\n\n\n<div class=\"wp-block-column is-layout-flow wp-block-column-is-layout-flow\"><\/div>\n<\/div>\n\n\n\n<figure class=\"wp-block-image size-large\"><img loading=\"lazy\" decoding=\"async\" width=\"800\" height=\"800\" src=\"https:\/\/www.lacontemporaine.fr\/wp-content\/uploads\/2025\/10\/Affiche_expo_Kagan_2021_petit-edited.jpg\" alt=\"\" class=\"wp-image-2024\" srcset=\"https:\/\/www.lacontemporaine.fr\/wp-content\/uploads\/2025\/10\/Affiche_expo_Kagan_2021_petit-edited.jpg 800w, https:\/\/www.lacontemporaine.fr\/wp-content\/uploads\/2025\/10\/Affiche_expo_Kagan_2021_petit-edited-300x300.jpg 300w, https:\/\/www.lacontemporaine.fr\/wp-content\/uploads\/2025\/10\/Affiche_expo_Kagan_2021_petit-edited-150x150.jpg 150w, https:\/\/www.lacontemporaine.fr\/wp-content\/uploads\/2025\/10\/Affiche_expo_Kagan_2021_petit-edited-768x768.jpg 768w, https:\/\/www.lacontemporaine.fr\/wp-content\/uploads\/2025\/10\/Affiche_expo_Kagan_2021_petit-edited-12x12.jpg 12w, https:\/\/www.lacontemporaine.fr\/wp-content\/uploads\/2025\/10\/Affiche_expo_Kagan_2021_petit-edited-100x100.jpg 100w\" sizes=\"auto, (max-width: 800px) 100vw, 800px\" \/><\/figure>\n<\/div>\n\n\n\n<div class=\"wp-block-column section_vignettes__inner_column is-layout-flow wp-block-column-is-layout-flow\">\n<h3 class=\"wp-block-heading\"><a href=\"\/en\/agenda\/et-1917-devient-revolution\/\">Et 1917 devient R\u00e9volution&#8230;<\/a><\/h3>\n\n\n\n<h4 class=\"wp-block-heading\">Du 18 octobre 2017 au 18 f\u00e9vrier 2018<\/h4>\n\n\n\n<p>Des documents uniques collect\u00e9s \u00e0 chaud pendant les \u00e9v\u00e9nements permettent de comprendre comment 1917 devient \u201cr\u00e9volution\u201d, bouleversant l\u2019univers de millions de personnes en Russie, puis dans le monde entier.<\/p>\n\n\n\n<figure class=\"wp-block-image size-full\"><img loading=\"lazy\" decoding=\"async\" width=\"453\" height=\"453\" src=\"https:\/\/www.lacontemporaine.fr\/wp-content\/uploads\/2025\/10\/AFF-REVOLUTION-1917-BDIC-edited.jpeg\" alt=\"\" class=\"wp-image-2026\" srcset=\"https:\/\/www.lacontemporaine.fr\/wp-content\/uploads\/2025\/10\/AFF-REVOLUTION-1917-BDIC-edited.jpeg 453w, https:\/\/www.lacontemporaine.fr\/wp-content\/uploads\/2025\/10\/AFF-REVOLUTION-1917-BDIC-edited-300x300.jpeg 300w, https:\/\/www.lacontemporaine.fr\/wp-content\/uploads\/2025\/10\/AFF-REVOLUTION-1917-BDIC-edited-150x150.jpeg 150w, https:\/\/www.lacontemporaine.fr\/wp-content\/uploads\/2025\/10\/AFF-REVOLUTION-1917-BDIC-edited-12x12.jpeg 12w, https:\/\/www.lacontemporaine.fr\/wp-content\/uploads\/2025\/10\/AFF-REVOLUTION-1917-BDIC-edited-100x100.jpeg 100w\" sizes=\"auto, (max-width: 453px) 100vw, 453px\" \/><\/figure>\n<\/div>\n<\/div>\n<\/div><\/div>\n\n\n\n<div class=\"wp-block-group section_vignettes\"><div class=\"wp-block-group__inner-container is-layout-constrained wp-block-group-is-layout-constrained\">\n<div class=\"wp-block-columns is-layout-flex wp-container-core-columns-is-layout-9d6595d7 wp-block-columns-is-layout-flex\">\n<div class=\"wp-block-column section_vignettes__inner_column is-layout-flow wp-block-column-is-layout-flow\">\n<div class=\"wp-block-columns is-layout-flex wp-container-core-columns-is-layout-9d6595d7 wp-block-columns-is-layout-flex\">\n<div class=\"wp-block-column is-layout-flow wp-block-column-is-layout-flow\">\n<h3 class=\"wp-block-heading\"><a href=\"https:\/\/www.lacontemporaine.fr\/en\/agenda\/internationales-graphiques-collections-daffiches-politiques-1970-1990\/\">Internationales graphiques, collections d\u2019affiches politiques, 1970-1990<\/a><\/h3>\n\n\n\n<h4 class=\"wp-block-heading\">Du 17 f\u00e9vrier au 29 mai 2016<\/h4>\n\n\n\n<p>Avec pr\u00e8s de 170 pi\u00e8ces r\u00e9unies pour la premi\u00e8re fois, l\u2019exposition dresse un panorama de la production foisonnante d\u2019affiches politiques et culturelles au cours de deux d\u00e9cennies qui constituent une p\u00e9riode faste pour l\u2019affiche en tant que moyen d\u2019expression des engagements politiques.<\/p>\n\n\n\n<figure class=\"wp-block-image size-large\"><img loading=\"lazy\" decoding=\"async\" width=\"683\" height=\"1024\" src=\"https:\/\/www.lacontemporaine.fr\/wp-content\/uploads\/2025\/07\/affiche-bdic-dugudus8-683x1024.jpg\" alt=\"\" class=\"wp-image-1206\" srcset=\"https:\/\/www.lacontemporaine.fr\/wp-content\/uploads\/2025\/07\/affiche-bdic-dugudus8-683x1024.jpg 683w, https:\/\/www.lacontemporaine.fr\/wp-content\/uploads\/2025\/07\/affiche-bdic-dugudus8-200x300.jpg 200w, https:\/\/www.lacontemporaine.fr\/wp-content\/uploads\/2025\/07\/affiche-bdic-dugudus8-768x1152.jpg 768w, https:\/\/www.lacontemporaine.fr\/wp-content\/uploads\/2025\/07\/affiche-bdic-dugudus8-1024x1536.jpg 1024w, https:\/\/www.lacontemporaine.fr\/wp-content\/uploads\/2025\/07\/affiche-bdic-dugudus8-8x12.jpg 8w, https:\/\/www.lacontemporaine.fr\/wp-content\/uploads\/2025\/07\/affiche-bdic-dugudus8-300x450.jpg 300w, https:\/\/www.lacontemporaine.fr\/wp-content\/uploads\/2025\/07\/affiche-bdic-dugudus8.jpg 1134w\" sizes=\"auto, (max-width: 683px) 100vw, 683px\" \/><\/figure>\n<\/div>\n\n\n\n<div class=\"wp-block-column is-layout-flow wp-block-column-is-layout-flow\"><\/div>\n\n\n\n<div class=\"wp-block-column is-layout-flow wp-block-column-is-layout-flow\"><\/div>\n<\/div>\n<\/div>\n<\/div>\n<\/div><\/div>\n\n\n\n<div class=\"wp-block-buttons is-layout-flex wp-block-buttons-is-layout-flex\">\n<div class=\"wp-block-button\"><a class=\"wp-block-button__link wp-element-button\" href=\"\/en\/agenda\/expositions-organisees-de-1944-a-2002\/\">Expositions plus anciennes<\/a><\/div>\n<\/div>","protected":false},"excerpt":{"rendered":"<p>Couper, coller, imprimer, le photomontage politique au XXe si\u00e8cle Du 19 novembre 2025 au 14 mars 2026 L\u2019exposition pr\u00e9sente un panorama international de cette technique graphique et de ses usages militants, de la premi\u00e8re guerre mondiale \u00e0 l\u2019av\u00e8nement des outils de conception num\u00e9rique. Enfants en guerre, guerre \u00e0 l\u2019enfance ? De 1914 \u00e0 nos jours [&hellip;]<\/p>","protected":false},"author":4,"featured_media":3076,"parent":0,"menu_order":0,"comment_status":"closed","ping_status":"closed","template":"","meta":{"_acf_changed":false,"footnotes":""},"class_list":["post-2009","page","type-page","status-publish","has-post-thumbnail","hentry"],"acf":[],"_links":{"self":[{"href":"https:\/\/www.lacontemporaine.fr\/en\/wp-json\/wp\/v2\/pages\/2009","targetHints":{"allow":["GET"]}}],"collection":[{"href":"https:\/\/www.lacontemporaine.fr\/en\/wp-json\/wp\/v2\/pages"}],"about":[{"href":"https:\/\/www.lacontemporaine.fr\/en\/wp-json\/wp\/v2\/types\/page"}],"author":[{"embeddable":true,"href":"https:\/\/www.lacontemporaine.fr\/en\/wp-json\/wp\/v2\/users\/4"}],"replies":[{"embeddable":true,"href":"https:\/\/www.lacontemporaine.fr\/en\/wp-json\/wp\/v2\/comments?post=2009"}],"version-history":[{"count":18,"href":"https:\/\/www.lacontemporaine.fr\/en\/wp-json\/wp\/v2\/pages\/2009\/revisions"}],"predecessor-version":[{"id":3085,"href":"https:\/\/www.lacontemporaine.fr\/en\/wp-json\/wp\/v2\/pages\/2009\/revisions\/3085"}],"wp:featuredmedia":[{"embeddable":true,"href":"https:\/\/www.lacontemporaine.fr\/en\/wp-json\/wp\/v2\/media\/3076"}],"wp:attachment":[{"href":"https:\/\/www.lacontemporaine.fr\/en\/wp-json\/wp\/v2\/media?parent=2009"}],"curies":[{"name":"wp","href":"https:\/\/api.w.org\/{rel}","templated":true}]}}